{"id":522098,"date":"2024-01-02T11:28:59","date_gmt":"2024-01-02T10:28:59","guid":{"rendered":"https:\/\/victorbaroni.fr\/?post_type=product&#038;p=522098"},"modified":"2025-12-19T20:53:55","modified_gmt":"2025-12-19T19:53:55","slug":"onyx-eternel","status":"publish","type":"product","link":"http:\/\/victorbaroni.fr\/en\/collections\/onyx-eternel\/","title":{"rendered":"Onyx \u00e9ternel"},"content":{"rendered":"<p>Peinture abstraite d&#8217;inspiration min\u00e9rale.<br \/>\nGold accents are inspired by the art of Kintsugi, this ancient technique, discovered in the fifteenth century in Japan, invites us to repair a broken object by enhancing its scars with real gold powder, instead of trying to hide them. Cared for, then honored, the broken object assumes its past and becomes paradoxically more resilient, more beautiful, and more precious than before the shock...<\/p>\n<p>Artwork painted by hand with acrylic paint, gold leaf and sealed with a high gloss varnish.<br \/>\nFormat rectangle 90&#215;50 cm \/ 35,4&#215;19,6 inches. Peut \u00eatre accroch\u00e9 \u00e0 la verticale ou \u00e0 l&#8217;horizontale gr\u00e2ce \u00e0 ses attaches au dos.<br \/>\nPainting dated, signed and stamped.<\/p>\n<p>My paintings give a unique and luxurious touch to your interiors.<\/p>\n<p><strong data-start=\"510\" data-end=\"540\">\u0152uvre pr\u00e9sent\u00e9e en galerie<\/strong><br data-start=\"540\" data-end=\"543\" \/>Ce tableau est propos\u00e9 \u00e0 la vente exclusivement \u00e0 la <strong data-start=\"598\" data-end=\"630\">Galerie Harmattan (Chamonix)<\/strong>.<\/p>","protected":false},"excerpt":{"rendered":"<p><strong data-start=\"510\" data-end=\"540\">\u0152uvre pr\u00e9sent\u00e9e en galerie<\/strong><br data-start=\"540\" data-end=\"543\" \/>Ce tableau est propos\u00e9 \u00e0 la vente exclusivement \u00e0 la <strong data-start=\"598\" data-end=\"630\">Galerie Harmattan (Chamonix)<\/strong>.<\/p>\n<p>Museum-quality stretched canvas made in France with French wood.<br \/>\nHigh gloss varnish finish.<\/p>\n<p>Rectangle-size canvas and a metal hanger on the back.<br \/>\nDimension : 90&#215;50 cm \/ 35,4&#215;19,6 inches<\/p>","protected":false},"featured_media":537516,"comment_status":"open","ping_status":"closed","template":"","meta":{"iawp_total_views":0},"product_brand":[],"product_cat":[99,81],"product_tag":[],"class_list":{"0":"post-522098","1":"product","2":"type-product","3":"status-publish","4":"has-post-thumbnail","6":"product_cat-grands-tableaux","7":"product_cat-collection-minerale-kintsugi","9":"first","10":"outofstock","11":"featured","12":"shipping-taxable","13":"product-type-simple"},"yoast_head":"<!-- This site is optimized with the Yoast SEO plugin v26.3 - https:\/\/yoast.com\/wordpress\/plugins\/seo\/ -->\n<title>Onyx \u00e9ternel - Victor Baroni<\/title>\n<meta name=\"robots\" content=\"index, follow, max-snippet:-1, max-image-preview:large, max-video-preview:-1\" \/>\n<link rel=\"canonical\" href=\"https:\/\/victorbaroni.fr\/en\/collections\/onyx-eternel\/\" \/>\n<meta property=\"og:locale\" content=\"en_US\" \/>\n<meta property=\"og:type\" content=\"article\" \/>\n<meta property=\"og:title\" content=\"Onyx \u00e9ternel - Victor Baroni\" \/>\n<meta property=\"og:description\" content=\"\u0152uvre pr\u00e9sent\u00e9e en galerieCe tableau est propos\u00e9 \u00e0 la vente exclusivement \u00e0 la Galerie Harmattan (Chamonix).  Ch\u00e2ssis en bois fabriqu\u00e9 en France qualit\u00e9 mus\u00e9e. Finition vernis haute brillance.  Toile rectangle et attache en m\u00e9tal au dos. Dimension : 90x50 cm \/ 35,4x19,6 inches\" \/>\n<meta property=\"og:url\" content=\"https:\/\/victorbaroni.fr\/en\/collections\/onyx-eternel\/\" \/>\n<meta property=\"og:site_name\" content=\"Victor Baroni\" \/>\n<meta property=\"article:publisher\" content=\"https:\/\/www.facebook.com\/baronivictor\" \/>\n<meta property=\"article:modified_time\" content=\"2025-12-19T19:53:55+00:00\" \/>\n<meta property=\"og:image\" content=\"https:\/\/victorbaroni.fr\/wp-content\/uploads\/2024\/01\/Onyx-eternel-vue-produit-site-2024-baroni-victor1.jpg\" \/>\n\t<meta property=\"og:image:width\" content=\"1500\" \/>\n\t<meta property=\"og:image:height\" content=\"1500\" \/>\n\t<meta property=\"og:image:type\" content=\"image\/jpeg\" \/>\n<meta name=\"twitter:card\" content=\"summary_large_image\" \/>\n<meta name=\"twitter:label1\" content=\"Est. reading time\" \/>\n\t<meta name=\"twitter:data1\" content=\"1 minute\" \/>\n<script type=\"application\/ld+json\" class=\"yoast-schema-graph\">{\"@context\":\"https:\/\/schema.org\",\"@graph\":[{\"@type\":\"WebPage\",\"@id\":\"https:\/\/victorbaroni.fr\/collections\/onyx-eternel\/\",\"url\":\"https:\/\/victorbaroni.fr\/collections\/onyx-eternel\/\",\"name\":\"Onyx \u00e9ternel - Victor Baroni\",\"isPartOf\":{\"@id\":\"https:\/\/victorbaroni.fr\/#website\"},\"primaryImageOfPage\":{\"@id\":\"https:\/\/victorbaroni.fr\/collections\/onyx-eternel\/#primaryimage\"},\"image\":{\"@id\":\"https:\/\/victorbaroni.fr\/collections\/onyx-eternel\/#primaryimage\"},\"thumbnailUrl\":\"https:\/\/victorbaroni.fr\/wp-content\/uploads\/2024\/01\/Onyx-eternel-vue-produit-site-2024-baroni-victor1.jpg\",\"datePublished\":\"2024-01-02T10:28:59+00:00\",\"dateModified\":\"2025-12-19T19:53:55+00:00\",\"breadcrumb\":{\"@id\":\"https:\/\/victorbaroni.fr\/collections\/onyx-eternel\/#breadcrumb\"},\"inLanguage\":\"en-US\",\"potentialAction\":[{\"@type\":\"ReadAction\",\"target\":[\"https:\/\/victorbaroni.fr\/collections\/onyx-eternel\/\"]}]},{\"@type\":\"ImageObject\",\"inLanguage\":\"en-US\",\"@id\":\"https:\/\/victorbaroni.fr\/collections\/onyx-eternel\/#primaryimage\",\"url\":\"https:\/\/victorbaroni.fr\/wp-content\/uploads\/2024\/01\/Onyx-eternel-vue-produit-site-2024-baroni-victor1.jpg\",\"contentUrl\":\"https:\/\/victorbaroni.fr\/wp-content\/uploads\/2024\/01\/Onyx-eternel-vue-produit-site-2024-baroni-victor1.jpg\",\"width\":1500,\"height\":1500},{\"@type\":\"BreadcrumbList\",\"@id\":\"https:\/\/victorbaroni.fr\/collections\/onyx-eternel\/#breadcrumb\",\"itemListElement\":[{\"@type\":\"ListItem\",\"position\":1,\"name\":\"Accueil\",\"item\":\"https:\/\/victorbaroni.fr\/\"},{\"@type\":\"ListItem\",\"position\":2,\"name\":\"Collections\",\"item\":\"https:\/\/victorbaroni.fr\/collections\/\"},{\"@type\":\"ListItem\",\"position\":3,\"name\":\"Onyx \u00e9ternel\"}]},{\"@type\":\"WebSite\",\"@id\":\"https:\/\/victorbaroni.fr\/#website\",\"url\":\"https:\/\/victorbaroni.fr\/\",\"name\":\"Victor Baroni\",\"description\":\"Artiste peintre Fran\u00e7ais\",\"publisher\":{\"@id\":\"https:\/\/victorbaroni.fr\/#organization\"},\"potentialAction\":[{\"@type\":\"SearchAction\",\"target\":{\"@type\":\"EntryPoint\",\"urlTemplate\":\"https:\/\/victorbaroni.fr\/?s={search_term_string}\"},\"query-input\":{\"@type\":\"PropertyValueSpecification\",\"valueRequired\":true,\"valueName\":\"search_term_string\"}}],\"inLanguage\":\"en-US\"},{\"@type\":\"Organization\",\"@id\":\"https:\/\/victorbaroni.fr\/#organization\",\"name\":\"Victor Baroni\",\"url\":\"https:\/\/victorbaroni.fr\/\",\"logo\":{\"@type\":\"ImageObject\",\"inLanguage\":\"en-US\",\"@id\":\"https:\/\/victorbaroni.fr\/#\/schema\/logo\/image\/\",\"url\":\"https:\/\/victorbaroni.fr\/wp-content\/uploads\/2020\/10\/victor-baroni-logo-retina.png\",\"contentUrl\":\"https:\/\/victorbaroni.fr\/wp-content\/uploads\/2020\/10\/victor-baroni-logo-retina.png\",\"width\":496,\"height\":198,\"caption\":\"Victor Baroni\"},\"image\":{\"@id\":\"https:\/\/victorbaroni.fr\/#\/schema\/logo\/image\/\"},\"sameAs\":[\"https:\/\/www.facebook.com\/baronivictor\",\"https:\/\/www.instagram.com\/baronivictor\/\",\"https:\/\/www.youtube.com\/vic17b\"]}]}<\/script>\n<!-- \/ Yoast SEO plugin. -->","yoast_head_json":{"title":"Onyx \u00e9ternel - Victor Baroni","robots":{"index":"index","follow":"follow","max-snippet":"max-snippet:-1","max-image-preview":"max-image-preview:large","max-video-preview":"max-video-preview:-1"},"canonical":"https:\/\/victorbaroni.fr\/en\/collections\/onyx-eternel\/","og_locale":"en_US","og_type":"article","og_title":"Onyx \u00e9ternel - Victor Baroni","og_description":"\u0152uvre pr\u00e9sent\u00e9e en galerieCe tableau est propos\u00e9 \u00e0 la vente exclusivement \u00e0 la Galerie Harmattan (Chamonix).  Ch\u00e2ssis en bois fabriqu\u00e9 en France qualit\u00e9 mus\u00e9e. Finition vernis haute brillance.  Toile rectangle et attache en m\u00e9tal au dos. Dimension : 90x50 cm \/ 35,4x19,6 inches","og_url":"https:\/\/victorbaroni.fr\/en\/collections\/onyx-eternel\/","og_site_name":"Victor Baroni","article_publisher":"https:\/\/www.facebook.com\/baronivictor","article_modified_time":"2025-12-19T19:53:55+00:00","og_image":[{"width":1500,"height":1500,"url":"https:\/\/victorbaroni.fr\/wp-content\/uploads\/2024\/01\/Onyx-eternel-vue-produit-site-2024-baroni-victor1.jpg","type":"image\/jpeg"}],"twitter_card":"summary_large_image","twitter_misc":{"Est. reading time":"1 minute"},"schema":{"@context":"https:\/\/schema.org","@graph":[{"@type":"WebPage","@id":"https:\/\/victorbaroni.fr\/collections\/onyx-eternel\/","url":"https:\/\/victorbaroni.fr\/collections\/onyx-eternel\/","name":"Onyx \u00e9ternel - Victor Baroni","isPartOf":{"@id":"https:\/\/victorbaroni.fr\/#website"},"primaryImageOfPage":{"@id":"https:\/\/victorbaroni.fr\/collections\/onyx-eternel\/#primaryimage"},"image":{"@id":"https:\/\/victorbaroni.fr\/collections\/onyx-eternel\/#primaryimage"},"thumbnailUrl":"https:\/\/victorbaroni.fr\/wp-content\/uploads\/2024\/01\/Onyx-eternel-vue-produit-site-2024-baroni-victor1.jpg","datePublished":"2024-01-02T10:28:59+00:00","dateModified":"2025-12-19T19:53:55+00:00","breadcrumb":{"@id":"https:\/\/victorbaroni.fr\/collections\/onyx-eternel\/#breadcrumb"},"inLanguage":"en-US","potentialAction":[{"@type":"ReadAction","target":["https:\/\/victorbaroni.fr\/collections\/onyx-eternel\/"]}]},{"@type":"ImageObject","inLanguage":"en-US","@id":"https:\/\/victorbaroni.fr\/collections\/onyx-eternel\/#primaryimage","url":"https:\/\/victorbaroni.fr\/wp-content\/uploads\/2024\/01\/Onyx-eternel-vue-produit-site-2024-baroni-victor1.jpg","contentUrl":"https:\/\/victorbaroni.fr\/wp-content\/uploads\/2024\/01\/Onyx-eternel-vue-produit-site-2024-baroni-victor1.jpg","width":1500,"height":1500},{"@type":"BreadcrumbList","@id":"https:\/\/victorbaroni.fr\/collections\/onyx-eternel\/#breadcrumb","itemListElement":[{"@type":"ListItem","position":1,"name":"Accueil","item":"https:\/\/victorbaroni.fr\/"},{"@type":"ListItem","position":2,"name":"Collections","item":"https:\/\/victorbaroni.fr\/collections\/"},{"@type":"ListItem","position":3,"name":"Onyx \u00e9ternel"}]},{"@type":"WebSite","@id":"https:\/\/victorbaroni.fr\/#website","url":"https:\/\/victorbaroni.fr\/","name":"Victor Baroni","description":"Artiste peintre Fran\u00e7ais","publisher":{"@id":"https:\/\/victorbaroni.fr\/#organization"},"potentialAction":[{"@type":"SearchAction","target":{"@type":"EntryPoint","urlTemplate":"https:\/\/victorbaroni.fr\/?s={search_term_string}"},"query-input":{"@type":"PropertyValueSpecification","valueRequired":true,"valueName":"search_term_string"}}],"inLanguage":"en-US"},{"@type":"Organization","@id":"https:\/\/victorbaroni.fr\/#organization","name":"Victor Baroni","url":"https:\/\/victorbaroni.fr\/","logo":{"@type":"ImageObject","inLanguage":"en-US","@id":"https:\/\/victorbaroni.fr\/#\/schema\/logo\/image\/","url":"https:\/\/victorbaroni.fr\/wp-content\/uploads\/2020\/10\/victor-baroni-logo-retina.png","contentUrl":"https:\/\/victorbaroni.fr\/wp-content\/uploads\/2020\/10\/victor-baroni-logo-retina.png","width":496,"height":198,"caption":"Victor Baroni"},"image":{"@id":"https:\/\/victorbaroni.fr\/#\/schema\/logo\/image\/"},"sameAs":["https:\/\/www.facebook.com\/baronivictor","https:\/\/www.instagram.com\/baronivictor\/","https:\/\/www.youtube.com\/vic17b"]}]}},"_links":{"self":[{"href":"http:\/\/victorbaroni.fr\/en\/wp-json\/wp\/v2\/product\/522098","targetHints":{"allow":["GET"]}}],"collection":[{"href":"http:\/\/victorbaroni.fr\/en\/wp-json\/wp\/v2\/product"}],"about":[{"href":"http:\/\/victorbaroni.fr\/en\/wp-json\/wp\/v2\/types\/product"}],"replies":[{"embeddable":true,"href":"http:\/\/victorbaroni.fr\/en\/wp-json\/wp\/v2\/comments?post=522098"}],"wp:featuredmedia":[{"embeddable":true,"href":"http:\/\/victorbaroni.fr\/en\/wp-json\/wp\/v2\/media\/537516"}],"wp:attachment":[{"href":"http:\/\/victorbaroni.fr\/en\/wp-json\/wp\/v2\/media?parent=522098"}],"wp:term":[{"taxonomy":"product_brand","embeddable":true,"href":"http:\/\/victorbaroni.fr\/en\/wp-json\/wp\/v2\/product_brand?post=522098"},{"taxonomy":"product_cat","embeddable":true,"href":"http:\/\/victorbaroni.fr\/en\/wp-json\/wp\/v2\/product_cat?post=522098"},{"taxonomy":"product_tag","embeddable":true,"href":"http:\/\/victorbaroni.fr\/en\/wp-json\/wp\/v2\/product_tag?post=522098"}],"curies":[{"name":"wp","href":"https:\/\/api.w.org\/{rel}","templated":true}]}}