{"id":611556,"date":"2024-05-07T13:29:44","date_gmt":"2024-05-07T11:29:44","guid":{"rendered":"https:\/\/victorbaroni.fr\/?post_type=product&#038;p=611556"},"modified":"2025-10-24T13:56:14","modified_gmt":"2025-10-24T11:56:14","slug":"teinte-or-x-industriewinnie","status":"publish","type":"product","link":"http:\/\/victorbaroni.fr\/en\/collections\/teinte-or-x-industriewinnie\/","title":{"rendered":"Essence d&#8217;or x IndustrieWinnie"},"content":{"rendered":"<p>Tube de peinture sculpt\u00e9 en m\u00e9tal par l&#8217;artiste Industrie Winnie (@insdutriewinnie) et peint par Baroni Victor dans un style abstrait et min\u00e9ral.<br \/>\nGold accents are inspired by the art of Kintsugi, this ancient technique, discovered in the fifteenth century in Japan, invites us to repair a broken object by enhancing its scars with real gold powder, instead of trying to hide them. Cared for, then honored, the broken object assumes its past and becomes paradoxically more resilient, more beautiful, and more precious than before the shock...<\/p>\n<p>Hand-painted tube, acrylic paint, golden leaf, and high gloss varnish finish.<br \/>\nFormat 47x20cm \/ <b>\u2248 <\/b>19&#215;8 inches.<br \/>\nWork signed by the two artists.<\/p>\n<p>My paintings give a unique and luxurious touch to your interiors.<\/p>\n<p><strong>Free worldwide shipping.<\/strong><br \/>\nDelivered with its certificate of authenticity and packaged carefully.<\/p>","protected":false},"excerpt":{"rendered":"<p>Hand-painted paint tube, acrylic paint, golden leaf, and high gloss varnish finish.<\/p>\n<p>Dimensions 47x20cm \/ <b>\u2248 <\/b>19&#215;8 inches.<\/p>\n<p>The Gold stand slides into the tube so it can be presented vertically on a piece of furniture.<\/p>\n<p><strong>Free worldwide shipping.<\/strong><\/p>","protected":false},"featured_media":800238,"comment_status":"open","ping_status":"closed","template":"","meta":{"iawp_total_views":0},"product_brand":[],"product_cat":[99,102,81],"product_tag":[],"class_list":{"0":"post-611556","1":"product","2":"type-product","3":"status-publish","4":"has-post-thumbnail","6":"product_cat-grands-tableaux","7":"product_cat-sculpture","8":"product_cat-collection-minerale-kintsugi","10":"first","11":"instock","12":"featured","13":"shipping-taxable","14":"purchasable","15":"product-type-simple"},"yoast_head":"<!-- This site is optimized with the Yoast SEO plugin v26.3 - https:\/\/yoast.com\/wordpress\/plugins\/seo\/ -->\n<title>Essence d&#039;or x IndustrieWinnie - Victor Baroni<\/title>\n<meta name=\"robots\" content=\"index, follow, max-snippet:-1, max-image-preview:large, max-video-preview:-1\" \/>\n<link rel=\"canonical\" href=\"https:\/\/victorbaroni.fr\/en\/collections\/teinte-or-x-industriewinnie\/\" \/>\n<meta property=\"og:locale\" content=\"en_US\" \/>\n<meta property=\"og:type\" content=\"article\" \/>\n<meta property=\"og:title\" content=\"Essence d&#039;or x IndustrieWinnie - Victor Baroni\" \/>\n<meta property=\"og:description\" content=\"Tube de peinture peint \u00e0 la main, peinture acrylique, feuille a dor\u00e9 et finition vernis haute brillance.  Dimensions 47x20cm \/ \u2248 19x8 inches.  Le pied Or se glisse dans le tube pour pouvoir \u00eatre pr\u00e9sent\u00e9 verticalement sur un meuble.  Livraison gratuite en France m\u00e9tropolitaine.\" \/>\n<meta property=\"og:url\" content=\"https:\/\/victorbaroni.fr\/en\/collections\/teinte-or-x-industriewinnie\/\" \/>\n<meta property=\"og:site_name\" content=\"Victor Baroni\" \/>\n<meta property=\"article:publisher\" content=\"https:\/\/www.facebook.com\/baronivictor\" \/>\n<meta property=\"article:modified_time\" content=\"2025-10-24T11:56:14+00:00\" \/>\n<meta property=\"og:image\" content=\"https:\/\/victorbaroni.fr\/wp-content\/uploads\/2024\/05\/Baroni-Victor-x-Industriewinnie-face-carre-site-2.jpg\" \/>\n\t<meta property=\"og:image:width\" content=\"1200\" \/>\n\t<meta property=\"og:image:height\" content=\"1500\" \/>\n\t<meta property=\"og:image:type\" content=\"image\/jpeg\" \/>\n<meta name=\"twitter:card\" content=\"summary_large_image\" \/>\n<meta name=\"twitter:label1\" content=\"Est. reading time\" \/>\n\t<meta name=\"twitter:data1\" content=\"1 minute\" \/>\n<script type=\"application\/ld+json\" class=\"yoast-schema-graph\">{\"@context\":\"https:\/\/schema.org\",\"@graph\":[{\"@type\":\"WebPage\",\"@id\":\"https:\/\/victorbaroni.fr\/collections\/teinte-or-x-industriewinnie\/\",\"url\":\"https:\/\/victorbaroni.fr\/collections\/teinte-or-x-industriewinnie\/\",\"name\":\"Essence d'or x IndustrieWinnie - Victor Baroni\",\"isPartOf\":{\"@id\":\"https:\/\/victorbaroni.fr\/#website\"},\"primaryImageOfPage\":{\"@id\":\"https:\/\/victorbaroni.fr\/collections\/teinte-or-x-industriewinnie\/#primaryimage\"},\"image\":{\"@id\":\"https:\/\/victorbaroni.fr\/collections\/teinte-or-x-industriewinnie\/#primaryimage\"},\"thumbnailUrl\":\"https:\/\/victorbaroni.fr\/wp-content\/uploads\/2024\/05\/Baroni-Victor-x-Industriewinnie-face-carre-site-2.jpg\",\"datePublished\":\"2024-05-07T11:29:44+00:00\",\"dateModified\":\"2025-10-24T11:56:14+00:00\",\"breadcrumb\":{\"@id\":\"https:\/\/victorbaroni.fr\/collections\/teinte-or-x-industriewinnie\/#breadcrumb\"},\"inLanguage\":\"en-US\",\"potentialAction\":[{\"@type\":\"ReadAction\",\"target\":[\"https:\/\/victorbaroni.fr\/collections\/teinte-or-x-industriewinnie\/\"]}]},{\"@type\":\"ImageObject\",\"inLanguage\":\"en-US\",\"@id\":\"https:\/\/victorbaroni.fr\/collections\/teinte-or-x-industriewinnie\/#primaryimage\",\"url\":\"https:\/\/victorbaroni.fr\/wp-content\/uploads\/2024\/05\/Baroni-Victor-x-Industriewinnie-face-carre-site-2.jpg\",\"contentUrl\":\"https:\/\/victorbaroni.fr\/wp-content\/uploads\/2024\/05\/Baroni-Victor-x-Industriewinnie-face-carre-site-2.jpg\",\"width\":1200,\"height\":1500},{\"@type\":\"BreadcrumbList\",\"@id\":\"https:\/\/victorbaroni.fr\/collections\/teinte-or-x-industriewinnie\/#breadcrumb\",\"itemListElement\":[{\"@type\":\"ListItem\",\"position\":1,\"name\":\"Accueil\",\"item\":\"https:\/\/victorbaroni.fr\/\"},{\"@type\":\"ListItem\",\"position\":2,\"name\":\"Collections\",\"item\":\"https:\/\/victorbaroni.fr\/collections\/\"},{\"@type\":\"ListItem\",\"position\":3,\"name\":\"Essence d&#8217;or x IndustrieWinnie\"}]},{\"@type\":\"WebSite\",\"@id\":\"https:\/\/victorbaroni.fr\/#website\",\"url\":\"https:\/\/victorbaroni.fr\/\",\"name\":\"Victor Baroni\",\"description\":\"Artiste peintre Fran\u00e7ais\",\"publisher\":{\"@id\":\"https:\/\/victorbaroni.fr\/#organization\"},\"potentialAction\":[{\"@type\":\"SearchAction\",\"target\":{\"@type\":\"EntryPoint\",\"urlTemplate\":\"https:\/\/victorbaroni.fr\/?s={search_term_string}\"},\"query-input\":{\"@type\":\"PropertyValueSpecification\",\"valueRequired\":true,\"valueName\":\"search_term_string\"}}],\"inLanguage\":\"en-US\"},{\"@type\":\"Organization\",\"@id\":\"https:\/\/victorbaroni.fr\/#organization\",\"name\":\"Victor Baroni\",\"url\":\"https:\/\/victorbaroni.fr\/\",\"logo\":{\"@type\":\"ImageObject\",\"inLanguage\":\"en-US\",\"@id\":\"https:\/\/victorbaroni.fr\/#\/schema\/logo\/image\/\",\"url\":\"https:\/\/victorbaroni.fr\/wp-content\/uploads\/2020\/10\/victor-baroni-logo-retina.png\",\"contentUrl\":\"https:\/\/victorbaroni.fr\/wp-content\/uploads\/2020\/10\/victor-baroni-logo-retina.png\",\"width\":496,\"height\":198,\"caption\":\"Victor Baroni\"},\"image\":{\"@id\":\"https:\/\/victorbaroni.fr\/#\/schema\/logo\/image\/\"},\"sameAs\":[\"https:\/\/www.facebook.com\/baronivictor\",\"https:\/\/www.instagram.com\/baronivictor\/\",\"https:\/\/www.youtube.com\/vic17b\"]}]}<\/script>\n<!-- \/ Yoast SEO plugin. -->","yoast_head_json":{"title":"Essence d'or x IndustrieWinnie - Victor Baroni","robots":{"index":"index","follow":"follow","max-snippet":"max-snippet:-1","max-image-preview":"max-image-preview:large","max-video-preview":"max-video-preview:-1"},"canonical":"https:\/\/victorbaroni.fr\/en\/collections\/teinte-or-x-industriewinnie\/","og_locale":"en_US","og_type":"article","og_title":"Essence d'or x IndustrieWinnie - Victor Baroni","og_description":"Tube de peinture peint \u00e0 la main, peinture acrylique, feuille a dor\u00e9 et finition vernis haute brillance.  Dimensions 47x20cm \/ \u2248 19x8 inches.  Le pied Or se glisse dans le tube pour pouvoir \u00eatre pr\u00e9sent\u00e9 verticalement sur un meuble.  Livraison gratuite en France m\u00e9tropolitaine.","og_url":"https:\/\/victorbaroni.fr\/en\/collections\/teinte-or-x-industriewinnie\/","og_site_name":"Victor Baroni","article_publisher":"https:\/\/www.facebook.com\/baronivictor","article_modified_time":"2025-10-24T11:56:14+00:00","og_image":[{"width":1200,"height":1500,"url":"https:\/\/victorbaroni.fr\/wp-content\/uploads\/2024\/05\/Baroni-Victor-x-Industriewinnie-face-carre-site-2.jpg","type":"image\/jpeg"}],"twitter_card":"summary_large_image","twitter_misc":{"Est. reading time":"1 minute"},"schema":{"@context":"https:\/\/schema.org","@graph":[{"@type":"WebPage","@id":"https:\/\/victorbaroni.fr\/collections\/teinte-or-x-industriewinnie\/","url":"https:\/\/victorbaroni.fr\/collections\/teinte-or-x-industriewinnie\/","name":"Essence d'or x IndustrieWinnie - Victor Baroni","isPartOf":{"@id":"https:\/\/victorbaroni.fr\/#website"},"primaryImageOfPage":{"@id":"https:\/\/victorbaroni.fr\/collections\/teinte-or-x-industriewinnie\/#primaryimage"},"image":{"@id":"https:\/\/victorbaroni.fr\/collections\/teinte-or-x-industriewinnie\/#primaryimage"},"thumbnailUrl":"https:\/\/victorbaroni.fr\/wp-content\/uploads\/2024\/05\/Baroni-Victor-x-Industriewinnie-face-carre-site-2.jpg","datePublished":"2024-05-07T11:29:44+00:00","dateModified":"2025-10-24T11:56:14+00:00","breadcrumb":{"@id":"https:\/\/victorbaroni.fr\/collections\/teinte-or-x-industriewinnie\/#breadcrumb"},"inLanguage":"en-US","potentialAction":[{"@type":"ReadAction","target":["https:\/\/victorbaroni.fr\/collections\/teinte-or-x-industriewinnie\/"]}]},{"@type":"ImageObject","inLanguage":"en-US","@id":"https:\/\/victorbaroni.fr\/collections\/teinte-or-x-industriewinnie\/#primaryimage","url":"https:\/\/victorbaroni.fr\/wp-content\/uploads\/2024\/05\/Baroni-Victor-x-Industriewinnie-face-carre-site-2.jpg","contentUrl":"https:\/\/victorbaroni.fr\/wp-content\/uploads\/2024\/05\/Baroni-Victor-x-Industriewinnie-face-carre-site-2.jpg","width":1200,"height":1500},{"@type":"BreadcrumbList","@id":"https:\/\/victorbaroni.fr\/collections\/teinte-or-x-industriewinnie\/#breadcrumb","itemListElement":[{"@type":"ListItem","position":1,"name":"Accueil","item":"https:\/\/victorbaroni.fr\/"},{"@type":"ListItem","position":2,"name":"Collections","item":"https:\/\/victorbaroni.fr\/collections\/"},{"@type":"ListItem","position":3,"name":"Essence d&#8217;or x IndustrieWinnie"}]},{"@type":"WebSite","@id":"https:\/\/victorbaroni.fr\/#website","url":"https:\/\/victorbaroni.fr\/","name":"Victor Baroni","description":"Artiste peintre Fran\u00e7ais","publisher":{"@id":"https:\/\/victorbaroni.fr\/#organization"},"potentialAction":[{"@type":"SearchAction","target":{"@type":"EntryPoint","urlTemplate":"https:\/\/victorbaroni.fr\/?s={search_term_string}"},"query-input":{"@type":"PropertyValueSpecification","valueRequired":true,"valueName":"search_term_string"}}],"inLanguage":"en-US"},{"@type":"Organization","@id":"https:\/\/victorbaroni.fr\/#organization","name":"Victor Baroni","url":"https:\/\/victorbaroni.fr\/","logo":{"@type":"ImageObject","inLanguage":"en-US","@id":"https:\/\/victorbaroni.fr\/#\/schema\/logo\/image\/","url":"https:\/\/victorbaroni.fr\/wp-content\/uploads\/2020\/10\/victor-baroni-logo-retina.png","contentUrl":"https:\/\/victorbaroni.fr\/wp-content\/uploads\/2020\/10\/victor-baroni-logo-retina.png","width":496,"height":198,"caption":"Victor Baroni"},"image":{"@id":"https:\/\/victorbaroni.fr\/#\/schema\/logo\/image\/"},"sameAs":["https:\/\/www.facebook.com\/baronivictor","https:\/\/www.instagram.com\/baronivictor\/","https:\/\/www.youtube.com\/vic17b"]}]}},"_links":{"self":[{"href":"http:\/\/victorbaroni.fr\/en\/wp-json\/wp\/v2\/product\/611556","targetHints":{"allow":["GET"]}}],"collection":[{"href":"http:\/\/victorbaroni.fr\/en\/wp-json\/wp\/v2\/product"}],"about":[{"href":"http:\/\/victorbaroni.fr\/en\/wp-json\/wp\/v2\/types\/product"}],"replies":[{"embeddable":true,"href":"http:\/\/victorbaroni.fr\/en\/wp-json\/wp\/v2\/comments?post=611556"}],"wp:featuredmedia":[{"embeddable":true,"href":"http:\/\/victorbaroni.fr\/en\/wp-json\/wp\/v2\/media\/800238"}],"wp:attachment":[{"href":"http:\/\/victorbaroni.fr\/en\/wp-json\/wp\/v2\/media?parent=611556"}],"wp:term":[{"taxonomy":"product_brand","embeddable":true,"href":"http:\/\/victorbaroni.fr\/en\/wp-json\/wp\/v2\/product_brand?post=611556"},{"taxonomy":"product_cat","embeddable":true,"href":"http:\/\/victorbaroni.fr\/en\/wp-json\/wp\/v2\/product_cat?post=611556"},{"taxonomy":"product_tag","embeddable":true,"href":"http:\/\/victorbaroni.fr\/en\/wp-json\/wp\/v2\/product_tag?post=611556"}],"curies":[{"name":"wp","href":"https:\/\/api.w.org\/{rel}","templated":true}]}}