{"id":692,"date":"2019-06-05T13:59:14","date_gmt":"2019-06-05T11:59:14","guid":{"rendered":"https:\/\/victorbaroni.fr\/?page_id=692"},"modified":"2025-12-16T11:51:59","modified_gmt":"2025-12-16T10:51:59","slug":"qui-suis-je","status":"publish","type":"page","link":"https:\/\/victorbaroni.fr\/en\/qui-suis-je\/","title":{"rendered":"Who am I? - Exhibitions"},"content":{"rendered":"<div class=\"wpb-content-wrapper\"><div class=\"vc_row wpb_row vc_row-fluid\"><div class=\"wpb_column vc_column_container vc_col-sm-12\"><div class=\"vc_column-inner\"><div class=\"wpb_wrapper\">\t<!-- Process -->\n\t\t\t<div class=\"row vertical-align\">\n\t\t\t\t<div class=\"col-sm-6\" data-sr=\"wait 0.1s, ease-in 20px\">\n\t\t\t\t\t<h3 class=\"ws-heading\">Victor Baroni<\/h3>\n\t\t\t\t\t<div class=\"ws-footer-separator\"><\/div>\n<p data-start=\"386\" data-end=\"622\">Originaire de Troyes, Victor Baroni est un peintre dont l\u2019univers s\u2019inspire de la beaut\u00e9 min\u00e9rale du monde naturel.<br data-start=\"501\" data-end=\"504\" \/>Son travail explore la mati\u00e8re, la lumi\u00e8re et la transparence \u00e0 travers une approche \u00e0 la fois intuitive et ma\u00eetris\u00e9e.<\/p>\n<p data-start=\"624\" data-end=\"910\">Form\u00e9 aux Beaux-Arts de Troyes, puis dipl\u00f4m\u00e9 en dessin et illustration, il d\u00e9bute sa carri\u00e8re dans le figuratif. Cette p\u00e9riode lui permet d\u2019acqu\u00e9rir une compr\u00e9hension fine de la composition, des ombres et des contrastes. Une rigueur qui impr\u00e8gne encore aujourd\u2019hui son \u0153uvre abstraite.<\/p>\n<p data-start=\"912\" data-end=\"1333\">Progressivement, Victor s\u2019affranchit du sujet pour se concentrer sur la texture et la vibration de la couleur. Ses toiles, principalement r\u00e9alis\u00e9es \u00e0 l\u2019acrylique, parfois \u00e0 l\u2019huile pour les grands formats, \u00e9voquent les surfaces polies et brutes des pierres pr\u00e9cieuses : quartz, agates, am\u00e9thystes.<br data-start=\"1212\" data-end=\"1215\" \/>L\u2019artiste transpose l\u2019\u00e9clat et la profondeur du min\u00e9ral sur la toile, entre transparence et densit\u00e9, douceur et \u00e9clat.<\/p>\n<p data-start=\"1335\" data-end=\"1668\">Les feuilles d\u2019or et d\u2019argent qu\u2019il int\u00e8gre ponctuent ses compositions de reflets changeants, conf\u00e9rant \u00e0 chaque pi\u00e8ce une pr\u00e9sence presque bijouti\u00e8re.<br data-start=\"1486\" data-end=\"1489\" \/>Victor Baroni d\u00e9crit ses \u0153uvres comme <em data-start=\"1527\" data-end=\"1557\">\u00ab des bijoux pour les murs \u00bb,<\/em>\u00a0des fragments de mati\u00e8re po\u00e9tique o\u00f9 se rencontrent la force du min\u00e9ral et la sensibilit\u00e9 du geste pictural.<\/p>\n<p>\n\t\t\t\t<\/div>\n\n\t\t\t\t<div class=\"col-sm-6\">\n\t\t\t\t\t<img decoding=\"async\" src=\"https:\/\/victorbaroni.fr\/wp-content\/uploads\/2024\/09\/moi-portrait-mai-2024-2-site.jpg\" alt=\"Victor Baroni\" class=\"img-responsive\" \/>\n\t\t\t\t<\/div>\n\t\t\t<\/div><div class=\"vc_empty_space\"   style=\"height: 70px\"><span class=\"vc_empty_space_inner\"><\/span><\/div><\/div><\/div><\/div><\/div><div class=\"vc_row wpb_row vc_row-fluid\"><div class=\"wpb_column vc_column_container vc_col-sm-12\"><div class=\"vc_column-inner\"><div class=\"wpb_wrapper\"><h3 class=\"ws-heading text-center\">Mes expositions en cours.<\/h3><div class=\"ws-separator\"><\/div><div class=\"vc_empty_space\"   style=\"height: 40px\"><span class=\"vc_empty_space_inner\"><\/span><\/div><\/div><\/div><\/div><\/div><div class=\"vc_row wpb_row vc_row-fluid\"><div class=\"wpb_column vc_column_container vc_col-sm-6\"><div class=\"vc_column-inner\"><div class=\"wpb_wrapper\">\t<!-- Team Members -->\n\t\t\t<div class=\"ws-about-team\">\n\t\t\t\t<div class=\"ws-about-team-item text-center\" data-sr=\"wait 0.1s, ease-in 20px\">\n\t\t\t\t\t<img decoding=\"async\" src=\"https:\/\/victorbaroni.fr\/wp-content\/uploads\/2025\/12\/photo-site-galerie-2-600x600.jpg\" alt=\"Harmattan Chamonix - Galerie d'art\" class=\"img-responsive\" \/>\n\t\t\t\t\t<div class=\"caption\">\n\t\t\t\t\t\t<h3>Harmattan Chamonix - Galerie d'art<\/h3>\n\t\t\t\t\t\t<div class=\"ws-separator\"><\/div>\n\t\t\t\t\t\t<h5>291 Rue du Dr Paccard, 74400 Chamonix-Mont-Blanc<\/h5>\n\t\t\t\t\t\t<p>Expos\u00e9 \u00e0 la galerie Harmattan Chamonix depuis d\u00e9cembre 2025. https:\/\/www.harmattan-chamonix.com\/home<\/p>\n\t\t\t\t\t<\/div>\n\t\t\t\t<\/div>\n\t\t\t<\/div><\/div><\/div><\/div><div class=\"wpb_column vc_column_container vc_col-sm-6\"><div class=\"vc_column-inner\"><div class=\"wpb_wrapper\">\t<!-- Team Members -->\n\t\t\t<div class=\"ws-about-team\">\n\t\t\t\t<div class=\"ws-about-team-item text-center\" data-sr=\"wait 0.1s, ease-in 20px\">\n\t\t\t\t\t<img decoding=\"async\" src=\"https:\/\/victorbaroni.fr\/wp-content\/uploads\/2025\/04\/vignette-expo-carre-dartistes-troyes-1-600x600.jpg\" alt=\"Galerie d'art Carr\u00e9 d'artistes de Troyes\" class=\"img-responsive\" \/>\n\t\t\t\t\t<div class=\"caption\">\n\t\t\t\t\t\t<h3>Galerie d'art Carr\u00e9 d'artistes de Troyes<\/h3>\n\t\t\t\t\t\t<div class=\"ws-separator\"><\/div>\n\t\t\t\t\t\t<h5>127 Rue Emile Zola, 10000 Troyes<\/h5>\n\t\t\t\t\t\t<p>Expos\u00e9 \u00e0 la galerie Carr\u00e9 d'artistes Troyes depuis Juin 2023.<\/p>\n\t\t\t\t\t<\/div>\n\t\t\t\t<\/div>\n\t\t\t<\/div><\/div><\/div><\/div><\/div><div class=\"vc_row wpb_row vc_row-fluid vc_custom_1743155211466\"><div class=\"wpb_column vc_column_container vc_col-sm-6 vc_col-lg-offset-3 vc_col-md-offset-3 vc_col-sm-offset-3\"><div class=\"vc_column-inner\"><div class=\"wpb_wrapper\"><h3 class=\"ws-heading text-center\">Mes expositions pass\u00e9es.<\/h3><div class=\"ws-separator\"><\/div>\n\t<div class=\"wpb_text_column wpb_content_element\" >\n\t\t<div class=\"wpb_wrapper\">\n\t\t\t\n\t\t<\/div>\n\t<\/div>\n<\/div><\/div><\/div><\/div><div class=\"vc_row wpb_row vc_row-fluid\"><div class=\"wpb_column vc_column_container vc_col-sm-6\"><div class=\"vc_column-inner\"><div class=\"wpb_wrapper\">\t<!-- Team Members -->\n\t\t\t<div class=\"ws-about-team\">\n\t\t\t\t<div class=\"ws-about-team-item text-center\" data-sr=\"wait 0.1s, ease-in 20px\">\n\t\t\t\t\t<img decoding=\"async\" src=\"https:\/\/victorbaroni.fr\/wp-content\/uploads\/2025\/11\/MarcheDeNoel2025-A3jpg-hd-600x600.jpg\" alt=\"March\u00e9 de No\u00ebl de l\u2019Art\" class=\"img-responsive\" \/>\n\t\t\t\t\t<div class=\"caption\">\n\t\t\t\t\t\t<h3>March\u00e9 de No\u00ebl de l\u2019Art<\/h3>\n\t\t\t\t\t\t<div class=\"ws-separator\"><\/div>\n\t\t\t\t\t\t<h5>Salle des f\u00eates Saint Julien, 18 all\u00e9e du Chateau des Cours 10800 Saint-Julien-les-Villas<\/h5>\n\t\t\t\t\t\t<p>Dimanche 7 D\u00e9cembre 2025 | 9h30 - 18h00<\/p>\n\t\t\t\t\t<\/div>\n\t\t\t\t<\/div>\n\t\t\t<\/div><\/div><\/div><\/div><div class=\"wpb_column vc_column_container vc_col-sm-6\"><div class=\"vc_column-inner\"><div class=\"wpb_wrapper\">\t<!-- Team Members -->\n\t\t\t<div class=\"ws-about-team\">\n\t\t\t\t<div class=\"ws-about-team-item text-center\" data-sr=\"wait 0.1s, ease-in 20px\">\n\t\t\t\t\t<img decoding=\"async\" src=\"https:\/\/victorbaroni.fr\/wp-content\/uploads\/2025\/09\/affiche-jpeg-9-600x600.jpg\" alt=\"Place aux artistes\" class=\"img-responsive\" \/>\n\t\t\t\t\t<div class=\"caption\">\n\t\t\t\t\t\t<h3>Place aux artistes<\/h3>\n\t\t\t\t\t\t<div class=\"ws-separator\"><\/div>\n\t\t\t\t\t\t<h5>Salle Pierre Rat Rue du 25 ao\u00fbt - LES NO\u00cbS-PR\u00c8S-TROYES<\/h5>\n\t\t\t\t\t\t<p>11 &amp; 12 Octobre 2025 | Samedi 14:00 - 19:00 | Dimanche 10:00 - 18:00<\/p>\n\t\t\t\t\t<\/div>\n\t\t\t\t<\/div>\n\t\t\t<\/div><\/div><\/div><\/div><\/div><div class=\"vc_row wpb_row vc_row-fluid\"><div class=\"wpb_column vc_column_container vc_col-sm-6\"><div class=\"vc_column-inner\"><div class=\"wpb_wrapper\">\t<!-- Team Members -->\n\t\t\t<div class=\"ws-about-team\">\n\t\t\t\t<div class=\"ws-about-team-item text-center\" data-sr=\"wait 0.1s, ease-in 20px\">\n\t\t\t\t\t<img decoding=\"async\" src=\"https:\/\/victorbaroni.fr\/wp-content\/uploads\/2025\/06\/503699808_1108778531085076_5700830692208699574_n-2-600x600.jpg\" alt=\"L'Art en bord de Seine\" class=\"img-responsive\" \/>\n\t\t\t\t\t<div class=\"caption\">\n\t\t\t\t\t\t<h3>L'Art en bord de Seine<\/h3>\n\t\t\t\t\t\t<div class=\"ws-separator\"><\/div>\n\t\t\t\t\t\t<h5>Rue du Gravely, 10110 Bourguignons<\/h5>\n\t\t\t\t\t\t<p>Le comit\u00e9 des loisirs de Bourguignons vous propose l'Art en bord de Seine \u00e0 Bourguignons. D\u00e9couvrez 50 artistes : peintres, sculpteurs, c\u00e9ramistes, potiers, verriers.<\/p>\n\t\t\t\t\t<\/div>\n\t\t\t\t<\/div>\n\t\t\t<\/div><\/div><\/div><\/div><div class=\"wpb_column vc_column_container vc_col-sm-6\"><div class=\"vc_column-inner\"><div class=\"wpb_wrapper\">\t<!-- Team Members -->\n\t\t\t<div class=\"ws-about-team\">\n\t\t\t\t<div class=\"ws-about-team-item text-center\" data-sr=\"wait 0.1s, ease-in 20px\">\n\t\t\t\t\t<img decoding=\"async\" src=\"https:\/\/victorbaroni.fr\/wp-content\/uploads\/2025\/04\/marche-seineport-2025-600x600.jpg\" alt=\"March\u00e9 d'Art Contemporain de Seine-Port\" class=\"img-responsive\" \/>\n\t\t\t\t\t<div class=\"caption\">\n\t\t\t\t\t\t<h3>March\u00e9 d'Art Contemporain de Seine-Port<\/h3>\n\t\t\t\t\t\t<div class=\"ws-separator\"><\/div>\n\t\t\t\t\t\t<h5>Place Madame de Montesson, Seine-Port 77240, France<\/h5>\n\t\t\t\t\t\t<p>samedi 17 mai 2025 | 10:00 - 18:00<\/p>\n\t\t\t\t\t<\/div>\n\t\t\t\t<\/div>\n\t\t\t<\/div><\/div><\/div><\/div><\/div><div class=\"vc_row wpb_row vc_row-fluid\"><div class=\"wpb_column vc_column_container vc_col-sm-6\"><div class=\"vc_column-inner\"><div class=\"wpb_wrapper\">\t<!-- Team Members -->\n\t\t\t<div class=\"ws-about-team\">\n\t\t\t\t<div class=\"ws-about-team-item text-center\" data-sr=\"wait 0.1s, ease-in 20px\">\n\t\t\t\t\t<img decoding=\"async\" src=\"https:\/\/victorbaroni.fr\/wp-content\/uploads\/2025\/09\/2025-04-Affiche-Artistes-Champenois-600x600-2-600x600.jpg\" alt=\"Artistes et peintres Champenois\" class=\"img-responsive\" \/>\n\t\t\t\t\t<div class=\"caption\">\n\t\t\t\t\t\t<h3>Artistes et peintres Champenois<\/h3>\n\t\t\t\t\t\t<div class=\"ws-separator\"><\/div>\n\t\t\t\t\t\t<h5>1er \u00e9tage - 20 bis Boulevard Gambetta, 10000 Troyes<\/h5>\n\t\t\t\t\t\t<p>43\u00e9me exposition qui se tiendra du 5 au 13 avril 2025 \u00e0 Troyes, Espace Argence.<\/p>\n\t\t\t\t\t<\/div>\n\t\t\t\t<\/div>\n\t\t\t<\/div><\/div><\/div><\/div><div class=\"wpb_column vc_column_container vc_col-sm-6\"><div class=\"vc_column-inner\"><div class=\"wpb_wrapper\">\t<!-- Team Members -->\n\t\t\t<div class=\"ws-about-team\">\n\t\t\t\t<div class=\"ws-about-team-item text-center\" data-sr=\"wait 0.1s, ease-in 20px\">\n\t\t\t\t\t<img decoding=\"async\" src=\"https:\/\/victorbaroni.fr\/wp-content\/uploads\/2024\/12\/salon-d-hiver-2025-600x600.jpg\" alt=\"SALON D'HIVER\" class=\"img-responsive\" \/>\n\t\t\t\t\t<div class=\"caption\">\n\t\t\t\t\t\t<h3>SALON D'HIVER<\/h3>\n\t\t\t\t\t\t<div class=\"ws-separator\"><\/div>\n\t\t\t\t\t\t<h5>1 Pl. Charles de Gaulle, 10430 Rosi\u00e8res-pr\u00e9s-Troyes<\/h5>\n\t\t\t\t\t\t<p>Salon d'hiver, qui se tiendra du 15 au 23 mars 2025 \u00e0 Rosi\u00e8res pr\u00e8s de Troyes.<\/p>\n\t\t\t\t\t<\/div>\n\t\t\t\t<\/div>\n\t\t\t<\/div><\/div><\/div><\/div><\/div><div class=\"vc_row wpb_row vc_row-fluid\"><div class=\"wpb_column vc_column_container vc_col-sm-6\"><div class=\"vc_column-inner\"><div class=\"wpb_wrapper\">\t<!-- Team Members -->\n\t\t\t<div class=\"ws-about-team\">\n\t\t\t\t<div class=\"ws-about-team-item text-center\" data-sr=\"wait 0.1s, ease-in 20px\">\n\t\t\t\t\t<img decoding=\"async\" src=\"https:\/\/victorbaroni.fr\/wp-content\/uploads\/2025\/09\/invitation-expo-2-1-site-600x600.jpg\" alt=\"Tr\u00e9sors de la Terre\" class=\"img-responsive\" \/>\n\t\t\t\t\t<div class=\"caption\">\n\t\t\t\t\t\t<h3>Tr\u00e9sors de la Terre<\/h3>\n\t\t\t\t\t\t<div class=\"ws-separator\"><\/div>\n\t\t\t\t\t\t<h5>4 Grande Rue de la R\u00e9sistance 10110 Bar-sur-Seine<\/h5>\n\t\t\t\t\t\t<p>Exposition solo du 14 au 28 Septembre 2024 \u00e0 la Chapelle de la M\u00e9diath\u00e8que Goncourt<\/p>\n\t\t\t\t\t<\/div>\n\t\t\t\t<\/div>\n\t\t\t<\/div><\/div><\/div><\/div><div class=\"wpb_column vc_column_container vc_col-sm-6\"><div class=\"vc_column-inner\"><div class=\"wpb_wrapper\">\t<!-- Team Members -->\n\t\t\t<div class=\"ws-about-team\">\n\t\t\t\t<div class=\"ws-about-team-item text-center\" data-sr=\"wait 0.1s, ease-in 20px\">\n\t\t\t\t\t<img decoding=\"async\" src=\"https:\/\/victorbaroni.fr\/wp-content\/uploads\/2025\/09\/vignette-expo-GreenArt-1-600x600-2-600x600.jpg\" alt=\"Manifestation d'art, Green Art Cl\u00e9rey.\" class=\"img-responsive\" \/>\n\t\t\t\t\t<div class=\"caption\">\n\t\t\t\t\t\t<h3>Art event, Green Art Cl\u00e9rey.<\/h3>\n\t\t\t\t\t\t<div class=\"ws-separator\"><\/div>\n\t\t\t\t\t\t<h5>\u00e0 Clerey<\/h5>\n\t\t\t\t\t\t<p>Green Art Cl\u00e9rey est une grande manifestation d'art organis\u00e9e dans le village de Cl\u00e9rey (non loin des lacs de la For\u00eat d'Orient), les 15 et 16 juin 2024..<\/p>\n\t\t\t\t\t<\/div>\n\t\t\t\t<\/div>\n\t\t\t<\/div><\/div><\/div><\/div><\/div><div class=\"vc_row wpb_row vc_row-fluid\"><div class=\"wpb_column vc_column_container vc_col-sm-6\"><div class=\"vc_column-inner\"><div class=\"wpb_wrapper\">\t<!-- Team Members -->\n\t\t\t<div class=\"ws-about-team\">\n\t\t\t\t<div class=\"ws-about-team-item text-center\" data-sr=\"wait 0.1s, ease-in 20px\">\n\t\t\t\t\t<img decoding=\"async\" src=\"https:\/\/victorbaroni.fr\/wp-content\/uploads\/2025\/04\/vignette-expo-SALON-DES-beaux-arts-1-600x600.jpg\" alt=\"Salon des Beaux Arts 2022\" class=\"img-responsive\" \/>\n\t\t\t\t\t<div class=\"caption\">\n\t\t\t\t\t\t<h3>Fine Arts Fair 2022<\/h3>\n\t\t\t\t\t\t<div class=\"ws-separator\"><\/div>\n\t\t\t\t\t\t<h5>in Paris - Orangerie du S\u00e9nat<\/h5>\n\t\t\t\t\t\t<p>The Salon des Beaux Arts presents the work of artists from various backgrounds. More than a hundred works are exhibited at each edition: painting, sculpture, engraving, photography, paper, drawing, illustration and installations.<\/p>\n\t\t\t\t\t<\/div>\n\t\t\t\t<\/div>\n\t\t\t<\/div><\/div><\/div><\/div><div class=\"wpb_column vc_column_container vc_col-sm-6\"><div class=\"vc_column-inner\"><div class=\"wpb_wrapper\"><\/div><\/div><\/div><\/div><div class=\"vc_row wpb_row vc_row-fluid vc_custom_1743155211466\"><div class=\"wpb_column vc_column_container vc_col-sm-6 vc_col-lg-offset-3 vc_col-md-offset-3 vc_col-sm-offset-3\"><div class=\"vc_column-inner\"><div class=\"wpb_wrapper\"><h3 class=\"ws-heading text-center\">Instagram<\/h3><div class=\"ws-separator\"><\/div>\n\t<div class=\"wpb_text_column wpb_content_element\" >\n\t\t<div class=\"wpb_wrapper\">\n\t\t\t<p style=\"text-align: center;\">Find my work and follow me on Instagram <a style=\"color: #d5af83;\" href=\"https:\/\/www.instagram.com\/baronivictor\/\" target=\"_blank\" rel=\"noopener\">@baronivictor<\/a><\/p>\n\n\t\t<\/div>\n\t<\/div>\n<\/div><\/div><\/div><\/div>\n<\/div>","protected":false},"excerpt":{"rendered":"Victor Baroni Originaire de Troyes, Victor Baroni est un peintre dont l\u2019univers s\u2019inspire de la beaut\u00e9 min\u00e9rale du monde naturel.Son travail explore la mati\u00e8re, la lumi\u00e8re et la transparence \u00e0 travers une approche \u00e0 la fois intuitive et ma\u00eetris\u00e9e. Form\u00e9 aux Beaux-Arts de Troyes, puis dipl\u00f4m\u00e9 en dessin et illustration, il d\u00e9bute sa carri\u00e8re dans [...]","protected":false},"author":1,"featured_media":0,"parent":0,"menu_order":0,"comment_status":"closed","ping_status":"closed","template":"template-page.php","meta":{"iawp_total_views":0,"footnotes":""},"class_list":["post-692","page","type-page","status-publish","hentry"],"yoast_head":"<!-- This site is optimized with the Yoast SEO plugin v26.3 - https:\/\/yoast.com\/wordpress\/plugins\/seo\/ -->\n<title>Victor Baroni - Qui suis-je ?<\/title>\n<meta name=\"description\" content=\"Drawing and painting have always been with me. Self-taught and very curious, I am inspired by the elegant and varied colors of minerals...\" \/>\n<meta name=\"robots\" content=\"index, follow, max-snippet:-1, max-image-preview:large, max-video-preview:-1\" \/>\n<link rel=\"canonical\" href=\"https:\/\/victorbaroni.fr\/en\/qui-suis-je\/\" \/>\n<meta property=\"og:locale\" content=\"en_US\" \/>\n<meta property=\"og:type\" content=\"article\" \/>\n<meta property=\"og:title\" content=\"Victor Baroni - Qui suis-je ?\" \/>\n<meta property=\"og:description\" content=\"Drawing and painting have always been with me. Self-taught and very curious, I am inspired by the elegant and varied colors of minerals...\" \/>\n<meta property=\"og:url\" content=\"https:\/\/victorbaroni.fr\/en\/qui-suis-je\/\" \/>\n<meta property=\"og:site_name\" content=\"Victor Baroni\" \/>\n<meta property=\"article:publisher\" content=\"https:\/\/www.facebook.com\/baronivictor\" \/>\n<meta property=\"article:modified_time\" content=\"2025-12-16T10:51:59+00:00\" \/>\n<meta name=\"twitter:card\" content=\"summary_large_image\" \/>\n<meta name=\"twitter:label1\" content=\"Est. reading time\" \/>\n\t<meta name=\"twitter:data1\" content=\"6 minutes\" \/>\n<script type=\"application\/ld+json\" class=\"yoast-schema-graph\">{\"@context\":\"https:\/\/schema.org\",\"@graph\":[{\"@type\":\"WebPage\",\"@id\":\"https:\/\/victorbaroni.fr\/qui-suis-je\/\",\"url\":\"https:\/\/victorbaroni.fr\/qui-suis-je\/\",\"name\":\"Victor Baroni - Qui suis-je ?\",\"isPartOf\":{\"@id\":\"https:\/\/victorbaroni.fr\/#website\"},\"datePublished\":\"2019-06-05T11:59:14+00:00\",\"dateModified\":\"2025-12-16T10:51:59+00:00\",\"description\":\"Drawing and painting have always been with me. Self-taught and very curious, I am inspired by the elegant and varied colors of minerals...\",\"breadcrumb\":{\"@id\":\"https:\/\/victorbaroni.fr\/qui-suis-je\/#breadcrumb\"},\"inLanguage\":\"en-US\",\"potentialAction\":[{\"@type\":\"ReadAction\",\"target\":[\"https:\/\/victorbaroni.fr\/qui-suis-je\/\"]}]},{\"@type\":\"BreadcrumbList\",\"@id\":\"https:\/\/victorbaroni.fr\/qui-suis-je\/#breadcrumb\",\"itemListElement\":[{\"@type\":\"ListItem\",\"position\":1,\"name\":\"Accueil\",\"item\":\"https:\/\/victorbaroni.fr\/\"},{\"@type\":\"ListItem\",\"position\":2,\"name\":\"Qui suis-je ? &#8211; Expositions\"}]},{\"@type\":\"WebSite\",\"@id\":\"https:\/\/victorbaroni.fr\/#website\",\"url\":\"https:\/\/victorbaroni.fr\/\",\"name\":\"Victor Baroni\",\"description\":\"Artiste peintre Fran\u00e7ais\",\"publisher\":{\"@id\":\"https:\/\/victorbaroni.fr\/#organization\"},\"potentialAction\":[{\"@type\":\"SearchAction\",\"target\":{\"@type\":\"EntryPoint\",\"urlTemplate\":\"https:\/\/victorbaroni.fr\/?s={search_term_string}\"},\"query-input\":{\"@type\":\"PropertyValueSpecification\",\"valueRequired\":true,\"valueName\":\"search_term_string\"}}],\"inLanguage\":\"en-US\"},{\"@type\":\"Organization\",\"@id\":\"https:\/\/victorbaroni.fr\/#organization\",\"name\":\"Victor Baroni\",\"url\":\"https:\/\/victorbaroni.fr\/\",\"logo\":{\"@type\":\"ImageObject\",\"inLanguage\":\"en-US\",\"@id\":\"https:\/\/victorbaroni.fr\/#\/schema\/logo\/image\/\",\"url\":\"https:\/\/victorbaroni.fr\/wp-content\/uploads\/2020\/10\/victor-baroni-logo-retina.png\",\"contentUrl\":\"https:\/\/victorbaroni.fr\/wp-content\/uploads\/2020\/10\/victor-baroni-logo-retina.png\",\"width\":496,\"height\":198,\"caption\":\"Victor Baroni\"},\"image\":{\"@id\":\"https:\/\/victorbaroni.fr\/#\/schema\/logo\/image\/\"},\"sameAs\":[\"https:\/\/www.facebook.com\/baronivictor\",\"https:\/\/www.instagram.com\/baronivictor\/\",\"https:\/\/www.youtube.com\/vic17b\"]}]}<\/script>\n<!-- \/ Yoast SEO plugin. -->","yoast_head_json":{"title":"Victor Baroni - Qui suis-je ?","description":"Drawing and painting have always been with me. Self-taught and very curious, I am inspired by the elegant and varied colors of minerals...","robots":{"index":"index","follow":"follow","max-snippet":"max-snippet:-1","max-image-preview":"max-image-preview:large","max-video-preview":"max-video-preview:-1"},"canonical":"https:\/\/victorbaroni.fr\/en\/qui-suis-je\/","og_locale":"en_US","og_type":"article","og_title":"Victor Baroni - Qui suis-je ?","og_description":"Drawing and painting have always been with me. Self-taught and very curious, I am inspired by the elegant and varied colors of minerals...","og_url":"https:\/\/victorbaroni.fr\/en\/qui-suis-je\/","og_site_name":"Victor Baroni","article_publisher":"https:\/\/www.facebook.com\/baronivictor","article_modified_time":"2025-12-16T10:51:59+00:00","twitter_card":"summary_large_image","twitter_misc":{"Est. reading time":"6 minutes"},"schema":{"@context":"https:\/\/schema.org","@graph":[{"@type":"WebPage","@id":"https:\/\/victorbaroni.fr\/qui-suis-je\/","url":"https:\/\/victorbaroni.fr\/qui-suis-je\/","name":"Victor Baroni - Qui suis-je ?","isPartOf":{"@id":"https:\/\/victorbaroni.fr\/#website"},"datePublished":"2019-06-05T11:59:14+00:00","dateModified":"2025-12-16T10:51:59+00:00","description":"Drawing and painting have always been with me. Self-taught and very curious, I am inspired by the elegant and varied colors of minerals...","breadcrumb":{"@id":"https:\/\/victorbaroni.fr\/qui-suis-je\/#breadcrumb"},"inLanguage":"en-US","potentialAction":[{"@type":"ReadAction","target":["https:\/\/victorbaroni.fr\/qui-suis-je\/"]}]},{"@type":"BreadcrumbList","@id":"https:\/\/victorbaroni.fr\/qui-suis-je\/#breadcrumb","itemListElement":[{"@type":"ListItem","position":1,"name":"Accueil","item":"https:\/\/victorbaroni.fr\/"},{"@type":"ListItem","position":2,"name":"Qui suis-je ? &#8211; Expositions"}]},{"@type":"WebSite","@id":"https:\/\/victorbaroni.fr\/#website","url":"https:\/\/victorbaroni.fr\/","name":"Victor Baroni","description":"Artiste peintre Fran\u00e7ais","publisher":{"@id":"https:\/\/victorbaroni.fr\/#organization"},"potentialAction":[{"@type":"SearchAction","target":{"@type":"EntryPoint","urlTemplate":"https:\/\/victorbaroni.fr\/?s={search_term_string}"},"query-input":{"@type":"PropertyValueSpecification","valueRequired":true,"valueName":"search_term_string"}}],"inLanguage":"en-US"},{"@type":"Organization","@id":"https:\/\/victorbaroni.fr\/#organization","name":"Victor Baroni","url":"https:\/\/victorbaroni.fr\/","logo":{"@type":"ImageObject","inLanguage":"en-US","@id":"https:\/\/victorbaroni.fr\/#\/schema\/logo\/image\/","url":"https:\/\/victorbaroni.fr\/wp-content\/uploads\/2020\/10\/victor-baroni-logo-retina.png","contentUrl":"https:\/\/victorbaroni.fr\/wp-content\/uploads\/2020\/10\/victor-baroni-logo-retina.png","width":496,"height":198,"caption":"Victor Baroni"},"image":{"@id":"https:\/\/victorbaroni.fr\/#\/schema\/logo\/image\/"},"sameAs":["https:\/\/www.facebook.com\/baronivictor","https:\/\/www.instagram.com\/baronivictor\/","https:\/\/www.youtube.com\/vic17b"]}]}},"_links":{"self":[{"href":"https:\/\/victorbaroni.fr\/en\/wp-json\/wp\/v2\/pages\/692","targetHints":{"allow":["GET"]}}],"collection":[{"href":"https:\/\/victorbaroni.fr\/en\/wp-json\/wp\/v2\/pages"}],"about":[{"href":"https:\/\/victorbaroni.fr\/en\/wp-json\/wp\/v2\/types\/page"}],"author":[{"embeddable":true,"href":"https:\/\/victorbaroni.fr\/en\/wp-json\/wp\/v2\/users\/1"}],"replies":[{"embeddable":true,"href":"https:\/\/victorbaroni.fr\/en\/wp-json\/wp\/v2\/comments?post=692"}],"version-history":[{"count":81,"href":"https:\/\/victorbaroni.fr\/en\/wp-json\/wp\/v2\/pages\/692\/revisions"}],"predecessor-version":[{"id":1058459,"href":"https:\/\/victorbaroni.fr\/en\/wp-json\/wp\/v2\/pages\/692\/revisions\/1058459"}],"wp:attachment":[{"href":"https:\/\/victorbaroni.fr\/en\/wp-json\/wp\/v2\/media?parent=692"}],"curies":[{"name":"wp","href":"https:\/\/api.w.org\/{rel}","templated":true}]}}