{"id":256340,"date":"2023-06-13T15:15:48","date_gmt":"2023-06-13T13:15:48","guid":{"rendered":"https:\/\/victorbaroni.fr\/?post_type=product&#038;p=256340"},"modified":"2025-10-24T13:56:14","modified_gmt":"2025-10-24T11:56:14","slug":"labradorite-magnetique","status":"publish","type":"product","link":"https:\/\/victorbaroni.fr\/en\/collections\/labradorite-magnetique\/","title":{"rendered":"Labradorite magn\u00e9tique"},"content":{"rendered":"<p>Peinture unique d&#8217;inspirations min\u00e9rale &#8220;Labradorite&#8221;. La couleur intrigante de cette pierre lui vaut de nombreuses l\u00e9gendes. Les peuples scandinaves l\u2019associent aux aurores bor\u00e9ales. Selon eux, la Labradorite emprunterait ses magnifiques reflets aux nuages iris\u00e9s. Les Eskimos pensent \u00e9galement que la Labradorite vient des aurores. \u00c0 l\u2019inverse, les Inuits racontent qu\u2019un homme brisa de sa lance une Labradorite. Les \u00e9clats de cette pierre form\u00e8rent alors les aurores bor\u00e9ales.<\/p>\n<p>Artwork painted by hand with acrylic paint, gold leaf and sealed with a high gloss varnish.<br \/>\nRectangle size 80x30 cm \/ 32x12 inches inches can be hung thanks to its attachment on the back.<br \/>\nPainting dated, signed and stamped.<\/p>\n<p>My paintings give a unique and luxurious touch to your interiors.<\/p>\n<p><strong>Free worldwide shipping.<\/strong><br \/>\nDelivered with its certificate of authenticity and packaged carefully.<\/p>","protected":false},"excerpt":{"rendered":"<p>Museum-quality stretched canvas made in France with French wood.<br \/>\nHigh gloss varnish finish.<\/p>\n<p>Rectangle size canvas, solid wood black floating frame, and a metal hanger on the back.<br \/>\nDimension : 80&#215;30 cm \/ 32&#215;12 inches<\/p>\n<p><strong>Free worldwide shipping.<\/strong><\/p>","protected":false},"featured_media":603548,"comment_status":"open","ping_status":"closed","template":"","meta":{"iawp_total_views":0},"product_brand":[],"product_cat":[99,81],"product_tag":[],"class_list":{"0":"post-256340","1":"product","2":"type-product","3":"status-publish","4":"has-post-thumbnail","6":"product_cat-grands-tableaux","7":"product_cat-collection-minerale-kintsugi","9":"first","10":"instock","11":"featured","12":"shipping-taxable","13":"purchasable","14":"product-type-simple"},"yoast_head":"<!-- This site is optimized with the Yoast SEO plugin v26.3 - https:\/\/yoast.com\/wordpress\/plugins\/seo\/ -->\n<title>Labradorite magn\u00e9tique - Victor Baroni<\/title>\n<meta name=\"robots\" content=\"index, follow, max-snippet:-1, max-image-preview:large, max-video-preview:-1\" \/>\n<link rel=\"canonical\" href=\"https:\/\/victorbaroni.fr\/en\/collections\/labradorite-magnetique\/\" \/>\n<meta property=\"og:locale\" content=\"en_US\" \/>\n<meta property=\"og:type\" content=\"article\" \/>\n<meta property=\"og:title\" content=\"Labradorite magn\u00e9tique - Victor Baroni\" \/>\n<meta property=\"og:description\" content=\"Ch\u00e2ssis en bois fabriqu\u00e9 en France qualit\u00e9 mus\u00e9e. Finition vernis haute brillance.  Toile rectangle, caisse am\u00e9ricaine noire et attache en m\u00e9tal au dos. Dimension : 80x30 cm \/ 32x12 inches  Livraison gratuite en France m\u00e9tropolitaine.\" \/>\n<meta property=\"og:url\" content=\"https:\/\/victorbaroni.fr\/en\/collections\/labradorite-magnetique\/\" \/>\n<meta property=\"og:site_name\" content=\"Victor Baroni\" \/>\n<meta property=\"article:publisher\" content=\"https:\/\/www.facebook.com\/baronivictor\" \/>\n<meta property=\"article:modified_time\" content=\"2025-10-24T11:56:14+00:00\" \/>\n<meta property=\"og:image\" content=\"https:\/\/victorbaroni.fr\/wp-content\/uploads\/2023\/06\/LABRADORITE-MAGNETIQUE-site-2-FACE.jpg\" \/>\n\t<meta property=\"og:image:width\" content=\"1500\" \/>\n\t<meta property=\"og:image:height\" content=\"1500\" \/>\n\t<meta property=\"og:image:type\" content=\"image\/jpeg\" \/>\n<meta name=\"twitter:card\" content=\"summary_large_image\" \/>\n<meta name=\"twitter:label1\" content=\"Est. reading time\" \/>\n\t<meta name=\"twitter:data1\" content=\"1 minute\" \/>\n<script type=\"application\/ld+json\" class=\"yoast-schema-graph\">{\"@context\":\"https:\/\/schema.org\",\"@graph\":[{\"@type\":\"WebPage\",\"@id\":\"https:\/\/victorbaroni.fr\/collections\/labradorite-magnetique\/\",\"url\":\"https:\/\/victorbaroni.fr\/collections\/labradorite-magnetique\/\",\"name\":\"Labradorite magn\u00e9tique - Victor Baroni\",\"isPartOf\":{\"@id\":\"https:\/\/victorbaroni.fr\/#website\"},\"primaryImageOfPage\":{\"@id\":\"https:\/\/victorbaroni.fr\/collections\/labradorite-magnetique\/#primaryimage\"},\"image\":{\"@id\":\"https:\/\/victorbaroni.fr\/collections\/labradorite-magnetique\/#primaryimage\"},\"thumbnailUrl\":\"https:\/\/victorbaroni.fr\/wp-content\/uploads\/2023\/06\/LABRADORITE-MAGNETIQUE-site-2-FACE.jpg\",\"datePublished\":\"2023-06-13T13:15:48+00:00\",\"dateModified\":\"2025-10-24T11:56:14+00:00\",\"breadcrumb\":{\"@id\":\"https:\/\/victorbaroni.fr\/collections\/labradorite-magnetique\/#breadcrumb\"},\"inLanguage\":\"en-US\",\"potentialAction\":[{\"@type\":\"ReadAction\",\"target\":[\"https:\/\/victorbaroni.fr\/collections\/labradorite-magnetique\/\"]}]},{\"@type\":\"ImageObject\",\"inLanguage\":\"en-US\",\"@id\":\"https:\/\/victorbaroni.fr\/collections\/labradorite-magnetique\/#primaryimage\",\"url\":\"https:\/\/victorbaroni.fr\/wp-content\/uploads\/2023\/06\/LABRADORITE-MAGNETIQUE-site-2-FACE.jpg\",\"contentUrl\":\"https:\/\/victorbaroni.fr\/wp-content\/uploads\/2023\/06\/LABRADORITE-MAGNETIQUE-site-2-FACE.jpg\",\"width\":1500,\"height\":1500},{\"@type\":\"BreadcrumbList\",\"@id\":\"https:\/\/victorbaroni.fr\/collections\/labradorite-magnetique\/#breadcrumb\",\"itemListElement\":[{\"@type\":\"ListItem\",\"position\":1,\"name\":\"Accueil\",\"item\":\"https:\/\/victorbaroni.fr\/\"},{\"@type\":\"ListItem\",\"position\":2,\"name\":\"Collections\",\"item\":\"https:\/\/victorbaroni.fr\/collections\/\"},{\"@type\":\"ListItem\",\"position\":3,\"name\":\"Labradorite magn\u00e9tique\"}]},{\"@type\":\"WebSite\",\"@id\":\"https:\/\/victorbaroni.fr\/#website\",\"url\":\"https:\/\/victorbaroni.fr\/\",\"name\":\"Victor Baroni\",\"description\":\"Artiste peintre Fran\u00e7ais\",\"publisher\":{\"@id\":\"https:\/\/victorbaroni.fr\/#organization\"},\"potentialAction\":[{\"@type\":\"SearchAction\",\"target\":{\"@type\":\"EntryPoint\",\"urlTemplate\":\"https:\/\/victorbaroni.fr\/?s={search_term_string}\"},\"query-input\":{\"@type\":\"PropertyValueSpecification\",\"valueRequired\":true,\"valueName\":\"search_term_string\"}}],\"inLanguage\":\"en-US\"},{\"@type\":\"Organization\",\"@id\":\"https:\/\/victorbaroni.fr\/#organization\",\"name\":\"Victor Baroni\",\"url\":\"https:\/\/victorbaroni.fr\/\",\"logo\":{\"@type\":\"ImageObject\",\"inLanguage\":\"en-US\",\"@id\":\"https:\/\/victorbaroni.fr\/#\/schema\/logo\/image\/\",\"url\":\"https:\/\/victorbaroni.fr\/wp-content\/uploads\/2020\/10\/victor-baroni-logo-retina.png\",\"contentUrl\":\"https:\/\/victorbaroni.fr\/wp-content\/uploads\/2020\/10\/victor-baroni-logo-retina.png\",\"width\":496,\"height\":198,\"caption\":\"Victor Baroni\"},\"image\":{\"@id\":\"https:\/\/victorbaroni.fr\/#\/schema\/logo\/image\/\"},\"sameAs\":[\"https:\/\/www.facebook.com\/baronivictor\",\"https:\/\/www.instagram.com\/baronivictor\/\",\"https:\/\/www.youtube.com\/vic17b\"]}]}<\/script>\n<!-- \/ Yoast SEO plugin. -->","yoast_head_json":{"title":"Labradorite magn\u00e9tique - Victor Baroni","robots":{"index":"index","follow":"follow","max-snippet":"max-snippet:-1","max-image-preview":"max-image-preview:large","max-video-preview":"max-video-preview:-1"},"canonical":"https:\/\/victorbaroni.fr\/en\/collections\/labradorite-magnetique\/","og_locale":"en_US","og_type":"article","og_title":"Labradorite magn\u00e9tique - Victor Baroni","og_description":"Ch\u00e2ssis en bois fabriqu\u00e9 en France qualit\u00e9 mus\u00e9e. Finition vernis haute brillance.  Toile rectangle, caisse am\u00e9ricaine noire et attache en m\u00e9tal au dos. Dimension : 80x30 cm \/ 32x12 inches  Livraison gratuite en France m\u00e9tropolitaine.","og_url":"https:\/\/victorbaroni.fr\/en\/collections\/labradorite-magnetique\/","og_site_name":"Victor Baroni","article_publisher":"https:\/\/www.facebook.com\/baronivictor","article_modified_time":"2025-10-24T11:56:14+00:00","og_image":[{"width":1500,"height":1500,"url":"https:\/\/victorbaroni.fr\/wp-content\/uploads\/2023\/06\/LABRADORITE-MAGNETIQUE-site-2-FACE.jpg","type":"image\/jpeg"}],"twitter_card":"summary_large_image","twitter_misc":{"Est. reading time":"1 minute"},"schema":{"@context":"https:\/\/schema.org","@graph":[{"@type":"WebPage","@id":"https:\/\/victorbaroni.fr\/collections\/labradorite-magnetique\/","url":"https:\/\/victorbaroni.fr\/collections\/labradorite-magnetique\/","name":"Labradorite magn\u00e9tique - Victor Baroni","isPartOf":{"@id":"https:\/\/victorbaroni.fr\/#website"},"primaryImageOfPage":{"@id":"https:\/\/victorbaroni.fr\/collections\/labradorite-magnetique\/#primaryimage"},"image":{"@id":"https:\/\/victorbaroni.fr\/collections\/labradorite-magnetique\/#primaryimage"},"thumbnailUrl":"https:\/\/victorbaroni.fr\/wp-content\/uploads\/2023\/06\/LABRADORITE-MAGNETIQUE-site-2-FACE.jpg","datePublished":"2023-06-13T13:15:48+00:00","dateModified":"2025-10-24T11:56:14+00:00","breadcrumb":{"@id":"https:\/\/victorbaroni.fr\/collections\/labradorite-magnetique\/#breadcrumb"},"inLanguage":"en-US","potentialAction":[{"@type":"ReadAction","target":["https:\/\/victorbaroni.fr\/collections\/labradorite-magnetique\/"]}]},{"@type":"ImageObject","inLanguage":"en-US","@id":"https:\/\/victorbaroni.fr\/collections\/labradorite-magnetique\/#primaryimage","url":"https:\/\/victorbaroni.fr\/wp-content\/uploads\/2023\/06\/LABRADORITE-MAGNETIQUE-site-2-FACE.jpg","contentUrl":"https:\/\/victorbaroni.fr\/wp-content\/uploads\/2023\/06\/LABRADORITE-MAGNETIQUE-site-2-FACE.jpg","width":1500,"height":1500},{"@type":"BreadcrumbList","@id":"https:\/\/victorbaroni.fr\/collections\/labradorite-magnetique\/#breadcrumb","itemListElement":[{"@type":"ListItem","position":1,"name":"Accueil","item":"https:\/\/victorbaroni.fr\/"},{"@type":"ListItem","position":2,"name":"Collections","item":"https:\/\/victorbaroni.fr\/collections\/"},{"@type":"ListItem","position":3,"name":"Labradorite magn\u00e9tique"}]},{"@type":"WebSite","@id":"https:\/\/victorbaroni.fr\/#website","url":"https:\/\/victorbaroni.fr\/","name":"Victor Baroni","description":"Artiste peintre Fran\u00e7ais","publisher":{"@id":"https:\/\/victorbaroni.fr\/#organization"},"potentialAction":[{"@type":"SearchAction","target":{"@type":"EntryPoint","urlTemplate":"https:\/\/victorbaroni.fr\/?s={search_term_string}"},"query-input":{"@type":"PropertyValueSpecification","valueRequired":true,"valueName":"search_term_string"}}],"inLanguage":"en-US"},{"@type":"Organization","@id":"https:\/\/victorbaroni.fr\/#organization","name":"Victor Baroni","url":"https:\/\/victorbaroni.fr\/","logo":{"@type":"ImageObject","inLanguage":"en-US","@id":"https:\/\/victorbaroni.fr\/#\/schema\/logo\/image\/","url":"https:\/\/victorbaroni.fr\/wp-content\/uploads\/2020\/10\/victor-baroni-logo-retina.png","contentUrl":"https:\/\/victorbaroni.fr\/wp-content\/uploads\/2020\/10\/victor-baroni-logo-retina.png","width":496,"height":198,"caption":"Victor Baroni"},"image":{"@id":"https:\/\/victorbaroni.fr\/#\/schema\/logo\/image\/"},"sameAs":["https:\/\/www.facebook.com\/baronivictor","https:\/\/www.instagram.com\/baronivictor\/","https:\/\/www.youtube.com\/vic17b"]}]}},"_links":{"self":[{"href":"https:\/\/victorbaroni.fr\/en\/wp-json\/wp\/v2\/product\/256340","targetHints":{"allow":["GET"]}}],"collection":[{"href":"https:\/\/victorbaroni.fr\/en\/wp-json\/wp\/v2\/product"}],"about":[{"href":"https:\/\/victorbaroni.fr\/en\/wp-json\/wp\/v2\/types\/product"}],"replies":[{"embeddable":true,"href":"https:\/\/victorbaroni.fr\/en\/wp-json\/wp\/v2\/comments?post=256340"}],"wp:featuredmedia":[{"embeddable":true,"href":"https:\/\/victorbaroni.fr\/en\/wp-json\/wp\/v2\/media\/603548"}],"wp:attachment":[{"href":"https:\/\/victorbaroni.fr\/en\/wp-json\/wp\/v2\/media?parent=256340"}],"wp:term":[{"taxonomy":"product_brand","embeddable":true,"href":"https:\/\/victorbaroni.fr\/en\/wp-json\/wp\/v2\/product_brand?post=256340"},{"taxonomy":"product_cat","embeddable":true,"href":"https:\/\/victorbaroni.fr\/en\/wp-json\/wp\/v2\/product_cat?post=256340"},{"taxonomy":"product_tag","embeddable":true,"href":"https:\/\/victorbaroni.fr\/en\/wp-json\/wp\/v2\/product_tag?post=256340"}],"curies":[{"name":"wp","href":"https:\/\/api.w.org\/{rel}","templated":true}]}}