{"id":2602,"date":"2022-07-11T08:55:50","date_gmt":"2022-07-11T06:55:50","guid":{"rendered":"https:\/\/victorbaroni.fr\/?post_type=product&#038;p=2602"},"modified":"2023-11-16T11:50:14","modified_gmt":"2023-11-16T10:50:14","slug":"onyx-etincelant","status":"publish","type":"product","link":"https:\/\/victorbaroni.fr\/en\/collections\/onyx-etincelant\/","title":{"rendered":"Onyx \u00e9tincelant"},"content":{"rendered":"<p>Peinture unique d&#8217;inspiration min\u00e9rale. Accent d&#8217;or inspir\u00e9 de l&#8217;art du Kintsugi, cette technique ancestrale, d\u00e9couverte au XV\u00e8me si\u00e8cle au Japon, consiste \u00e0 r\u00e9parer un objet en soulignant ses lignes de failles avec de la v\u00e9ritable poudre d\u2019or, au lieu de chercher \u00e0 les masquer. Soign\u00e9, puis honor\u00e9, l\u2019objet cass\u00e9 assume son pass\u00e9, et devient paradoxalement plus r\u00e9sistant, plus beau et plus pr\u00e9cieux qu\u2019avant le choc&#8230;<\/p>\n<p>Artwork painted by hand with acrylic paint, gold leaf and sealed with a high gloss varnish.<br \/>\nRectangle size 31,4x15,7\" 80x40cm, can be hung thanks to its attachment on the back.<br \/>\nArtwork dated, signed and stamped.<\/p>\n<p>My paintings give a unique and luxurious touch to your interiors.<\/p>\n<p><strong>Free worldwide shipping.<\/strong><br \/>\nDelivered with its certificate of authenticity and packaged carefully.<\/p>","protected":false},"excerpt":{"rendered":"<p>Stretched  canvas on wood frame<br \/>\nHigh gloss varnish finish.<\/p>\n<p>Rectangle canvas, white painted edges with a metal hanger on the back.<br \/>\nDimension : 80&#215;40 cm \/ 31,5&#215;15,7&#8243;<br \/>\nPainted in France<\/p>\n<p><strong>Free worldwide shipping.<\/strong><\/p>","protected":false},"featured_media":2605,"comment_status":"open","ping_status":"closed","template":"","meta":{"iawp_total_views":0},"product_brand":[],"product_cat":[97],"product_tag":[],"class_list":{"0":"post-2602","1":"product","2":"type-product","3":"status-publish","4":"has-post-thumbnail","6":"product_cat-tableaux-vendus","8":"first","9":"outofstock","10":"shipping-taxable","11":"product-type-simple"},"yoast_head":"<!-- This site is optimized with the Yoast SEO plugin v26.3 - https:\/\/yoast.com\/wordpress\/plugins\/seo\/ -->\n<title>Onyx \u00e9tincelant - Victor Baroni<\/title>\n<meta name=\"robots\" content=\"index, follow, max-snippet:-1, max-image-preview:large, max-video-preview:-1\" \/>\n<link rel=\"canonical\" href=\"https:\/\/victorbaroni.fr\/en\/collections\/onyx-etincelant\/\" \/>\n<meta property=\"og:locale\" content=\"en_US\" \/>\n<meta property=\"og:type\" content=\"article\" \/>\n<meta property=\"og:title\" content=\"Onyx \u00e9tincelant - Victor Baroni\" \/>\n<meta property=\"og:description\" content=\"Ch\u00e2ssis en bois, toile maroufl\u00e9e tr\u00e8s r\u00e9sistante. Finition vernis haute brillance.  Toiles rectangle, encadrement blanc avec attaches en m\u00e9tal au dos. Dimension : 80x40 cm \/ 31,5x15,7&quot; Made in France  Livraison gratuite en France m\u00e9tropolitaine.\" \/>\n<meta property=\"og:url\" content=\"https:\/\/victorbaroni.fr\/en\/collections\/onyx-etincelant\/\" \/>\n<meta property=\"og:site_name\" content=\"Victor Baroni\" \/>\n<meta property=\"article:publisher\" content=\"https:\/\/www.facebook.com\/baronivictor\" \/>\n<meta property=\"article:modified_time\" content=\"2023-11-16T10:50:14+00:00\" \/>\n<meta property=\"og:image\" content=\"https:\/\/victorbaroni.fr\/wp-content\/uploads\/2022\/07\/onyxetincelent-face-SITE.jpg\" \/>\n\t<meta property=\"og:image:width\" content=\"1000\" \/>\n\t<meta property=\"og:image:height\" content=\"1000\" \/>\n\t<meta property=\"og:image:type\" content=\"image\/jpeg\" \/>\n<meta name=\"twitter:card\" content=\"summary_large_image\" \/>\n<meta name=\"twitter:label1\" content=\"Est. reading time\" \/>\n\t<meta name=\"twitter:data1\" content=\"1 minute\" \/>\n<script type=\"application\/ld+json\" class=\"yoast-schema-graph\">{\"@context\":\"https:\/\/schema.org\",\"@graph\":[{\"@type\":\"WebPage\",\"@id\":\"https:\/\/victorbaroni.fr\/collections\/onyx-etincelant\/\",\"url\":\"https:\/\/victorbaroni.fr\/collections\/onyx-etincelant\/\",\"name\":\"Onyx \u00e9tincelant - Victor Baroni\",\"isPartOf\":{\"@id\":\"https:\/\/victorbaroni.fr\/#website\"},\"primaryImageOfPage\":{\"@id\":\"https:\/\/victorbaroni.fr\/collections\/onyx-etincelant\/#primaryimage\"},\"image\":{\"@id\":\"https:\/\/victorbaroni.fr\/collections\/onyx-etincelant\/#primaryimage\"},\"thumbnailUrl\":\"https:\/\/victorbaroni.fr\/wp-content\/uploads\/2022\/07\/onyxetincelent-face-SITE.jpg\",\"datePublished\":\"2022-07-11T06:55:50+00:00\",\"dateModified\":\"2023-11-16T10:50:14+00:00\",\"breadcrumb\":{\"@id\":\"https:\/\/victorbaroni.fr\/collections\/onyx-etincelant\/#breadcrumb\"},\"inLanguage\":\"en-US\",\"potentialAction\":[{\"@type\":\"ReadAction\",\"target\":[\"https:\/\/victorbaroni.fr\/collections\/onyx-etincelant\/\"]}]},{\"@type\":\"ImageObject\",\"inLanguage\":\"en-US\",\"@id\":\"https:\/\/victorbaroni.fr\/collections\/onyx-etincelant\/#primaryimage\",\"url\":\"https:\/\/victorbaroni.fr\/wp-content\/uploads\/2022\/07\/onyxetincelent-face-SITE.jpg\",\"contentUrl\":\"https:\/\/victorbaroni.fr\/wp-content\/uploads\/2022\/07\/onyxetincelent-face-SITE.jpg\",\"width\":1000,\"height\":1000},{\"@type\":\"BreadcrumbList\",\"@id\":\"https:\/\/victorbaroni.fr\/collections\/onyx-etincelant\/#breadcrumb\",\"itemListElement\":[{\"@type\":\"ListItem\",\"position\":1,\"name\":\"Accueil\",\"item\":\"https:\/\/victorbaroni.fr\/\"},{\"@type\":\"ListItem\",\"position\":2,\"name\":\"Collections\",\"item\":\"https:\/\/victorbaroni.fr\/collections\/\"},{\"@type\":\"ListItem\",\"position\":3,\"name\":\"Onyx \u00e9tincelant\"}]},{\"@type\":\"WebSite\",\"@id\":\"https:\/\/victorbaroni.fr\/#website\",\"url\":\"https:\/\/victorbaroni.fr\/\",\"name\":\"Victor Baroni\",\"description\":\"Artiste peintre Fran\u00e7ais\",\"publisher\":{\"@id\":\"https:\/\/victorbaroni.fr\/#organization\"},\"potentialAction\":[{\"@type\":\"SearchAction\",\"target\":{\"@type\":\"EntryPoint\",\"urlTemplate\":\"https:\/\/victorbaroni.fr\/?s={search_term_string}\"},\"query-input\":{\"@type\":\"PropertyValueSpecification\",\"valueRequired\":true,\"valueName\":\"search_term_string\"}}],\"inLanguage\":\"en-US\"},{\"@type\":\"Organization\",\"@id\":\"https:\/\/victorbaroni.fr\/#organization\",\"name\":\"Victor Baroni\",\"url\":\"https:\/\/victorbaroni.fr\/\",\"logo\":{\"@type\":\"ImageObject\",\"inLanguage\":\"en-US\",\"@id\":\"https:\/\/victorbaroni.fr\/#\/schema\/logo\/image\/\",\"url\":\"https:\/\/victorbaroni.fr\/wp-content\/uploads\/2020\/10\/victor-baroni-logo-retina.png\",\"contentUrl\":\"https:\/\/victorbaroni.fr\/wp-content\/uploads\/2020\/10\/victor-baroni-logo-retina.png\",\"width\":496,\"height\":198,\"caption\":\"Victor Baroni\"},\"image\":{\"@id\":\"https:\/\/victorbaroni.fr\/#\/schema\/logo\/image\/\"},\"sameAs\":[\"https:\/\/www.facebook.com\/baronivictor\",\"https:\/\/www.instagram.com\/baronivictor\/\",\"https:\/\/www.youtube.com\/vic17b\"]}]}<\/script>\n<!-- \/ Yoast SEO plugin. -->","yoast_head_json":{"title":"Onyx \u00e9tincelant - Victor Baroni","robots":{"index":"index","follow":"follow","max-snippet":"max-snippet:-1","max-image-preview":"max-image-preview:large","max-video-preview":"max-video-preview:-1"},"canonical":"https:\/\/victorbaroni.fr\/en\/collections\/onyx-etincelant\/","og_locale":"en_US","og_type":"article","og_title":"Onyx \u00e9tincelant - Victor Baroni","og_description":"Ch\u00e2ssis en bois, toile maroufl\u00e9e tr\u00e8s r\u00e9sistante. Finition vernis haute brillance.  Toiles rectangle, encadrement blanc avec attaches en m\u00e9tal au dos. Dimension : 80x40 cm \/ 31,5x15,7\" Made in France  Livraison gratuite en France m\u00e9tropolitaine.","og_url":"https:\/\/victorbaroni.fr\/en\/collections\/onyx-etincelant\/","og_site_name":"Victor Baroni","article_publisher":"https:\/\/www.facebook.com\/baronivictor","article_modified_time":"2023-11-16T10:50:14+00:00","og_image":[{"width":1000,"height":1000,"url":"https:\/\/victorbaroni.fr\/wp-content\/uploads\/2022\/07\/onyxetincelent-face-SITE.jpg","type":"image\/jpeg"}],"twitter_card":"summary_large_image","twitter_misc":{"Est. reading time":"1 minute"},"schema":{"@context":"https:\/\/schema.org","@graph":[{"@type":"WebPage","@id":"https:\/\/victorbaroni.fr\/collections\/onyx-etincelant\/","url":"https:\/\/victorbaroni.fr\/collections\/onyx-etincelant\/","name":"Onyx \u00e9tincelant - Victor Baroni","isPartOf":{"@id":"https:\/\/victorbaroni.fr\/#website"},"primaryImageOfPage":{"@id":"https:\/\/victorbaroni.fr\/collections\/onyx-etincelant\/#primaryimage"},"image":{"@id":"https:\/\/victorbaroni.fr\/collections\/onyx-etincelant\/#primaryimage"},"thumbnailUrl":"https:\/\/victorbaroni.fr\/wp-content\/uploads\/2022\/07\/onyxetincelent-face-SITE.jpg","datePublished":"2022-07-11T06:55:50+00:00","dateModified":"2023-11-16T10:50:14+00:00","breadcrumb":{"@id":"https:\/\/victorbaroni.fr\/collections\/onyx-etincelant\/#breadcrumb"},"inLanguage":"en-US","potentialAction":[{"@type":"ReadAction","target":["https:\/\/victorbaroni.fr\/collections\/onyx-etincelant\/"]}]},{"@type":"ImageObject","inLanguage":"en-US","@id":"https:\/\/victorbaroni.fr\/collections\/onyx-etincelant\/#primaryimage","url":"https:\/\/victorbaroni.fr\/wp-content\/uploads\/2022\/07\/onyxetincelent-face-SITE.jpg","contentUrl":"https:\/\/victorbaroni.fr\/wp-content\/uploads\/2022\/07\/onyxetincelent-face-SITE.jpg","width":1000,"height":1000},{"@type":"BreadcrumbList","@id":"https:\/\/victorbaroni.fr\/collections\/onyx-etincelant\/#breadcrumb","itemListElement":[{"@type":"ListItem","position":1,"name":"Accueil","item":"https:\/\/victorbaroni.fr\/"},{"@type":"ListItem","position":2,"name":"Collections","item":"https:\/\/victorbaroni.fr\/collections\/"},{"@type":"ListItem","position":3,"name":"Onyx \u00e9tincelant"}]},{"@type":"WebSite","@id":"https:\/\/victorbaroni.fr\/#website","url":"https:\/\/victorbaroni.fr\/","name":"Victor Baroni","description":"Artiste peintre Fran\u00e7ais","publisher":{"@id":"https:\/\/victorbaroni.fr\/#organization"},"potentialAction":[{"@type":"SearchAction","target":{"@type":"EntryPoint","urlTemplate":"https:\/\/victorbaroni.fr\/?s={search_term_string}"},"query-input":{"@type":"PropertyValueSpecification","valueRequired":true,"valueName":"search_term_string"}}],"inLanguage":"en-US"},{"@type":"Organization","@id":"https:\/\/victorbaroni.fr\/#organization","name":"Victor Baroni","url":"https:\/\/victorbaroni.fr\/","logo":{"@type":"ImageObject","inLanguage":"en-US","@id":"https:\/\/victorbaroni.fr\/#\/schema\/logo\/image\/","url":"https:\/\/victorbaroni.fr\/wp-content\/uploads\/2020\/10\/victor-baroni-logo-retina.png","contentUrl":"https:\/\/victorbaroni.fr\/wp-content\/uploads\/2020\/10\/victor-baroni-logo-retina.png","width":496,"height":198,"caption":"Victor Baroni"},"image":{"@id":"https:\/\/victorbaroni.fr\/#\/schema\/logo\/image\/"},"sameAs":["https:\/\/www.facebook.com\/baronivictor","https:\/\/www.instagram.com\/baronivictor\/","https:\/\/www.youtube.com\/vic17b"]}]}},"_links":{"self":[{"href":"https:\/\/victorbaroni.fr\/en\/wp-json\/wp\/v2\/product\/2602","targetHints":{"allow":["GET"]}}],"collection":[{"href":"https:\/\/victorbaroni.fr\/en\/wp-json\/wp\/v2\/product"}],"about":[{"href":"https:\/\/victorbaroni.fr\/en\/wp-json\/wp\/v2\/types\/product"}],"replies":[{"embeddable":true,"href":"https:\/\/victorbaroni.fr\/en\/wp-json\/wp\/v2\/comments?post=2602"}],"wp:featuredmedia":[{"embeddable":true,"href":"https:\/\/victorbaroni.fr\/en\/wp-json\/wp\/v2\/media\/2605"}],"wp:attachment":[{"href":"https:\/\/victorbaroni.fr\/en\/wp-json\/wp\/v2\/media?parent=2602"}],"wp:term":[{"taxonomy":"product_brand","embeddable":true,"href":"https:\/\/victorbaroni.fr\/en\/wp-json\/wp\/v2\/product_brand?post=2602"},{"taxonomy":"product_cat","embeddable":true,"href":"https:\/\/victorbaroni.fr\/en\/wp-json\/wp\/v2\/product_cat?post=2602"},{"taxonomy":"product_tag","embeddable":true,"href":"https:\/\/victorbaroni.fr\/en\/wp-json\/wp\/v2\/product_tag?post=2602"}],"curies":[{"name":"wp","href":"https:\/\/api.w.org\/{rel}","templated":true}]}}