{"id":58259,"date":"2022-10-28T17:30:50","date_gmt":"2022-10-28T15:30:50","guid":{"rendered":"https:\/\/victorbaroni.fr\/?post_type=product&#038;p=58259"},"modified":"2025-10-21T10:30:04","modified_gmt":"2025-10-21T08:30:04","slug":"plage-minerale","status":"publish","type":"product","link":"https:\/\/victorbaroni.fr\/en\/collections\/plage-minerale\/","title":{"rendered":"Plage min\u00e9rale"},"content":{"rendered":"<p>Peinture unique d&#8217;inspiration min\u00e9rale. Accent d&#8217;or inspir\u00e9 de l&#8217;art du Kintsugi, cette technique ancestrale, d\u00e9couverte au XV\u00e8me si\u00e8cle au Japon, consiste \u00e0 r\u00e9parer un objet en soulignant ses lignes de failles avec de la v\u00e9ritable poudre d\u2019or, au lieu de chercher \u00e0 les masquer. Soign\u00e9, puis honor\u00e9, l\u2019objet cass\u00e9 assume son pass\u00e9, et devient paradoxalement plus r\u00e9sistant, plus beau et plus pr\u00e9cieux qu\u2019avant le choc&#8230;<br \/>\nArtwork painted by hand with acrylic paint, gold leaf and sealed with a matte varnish.<br \/>\nRound format of 50 cm\/19,6 inch, can be hung thanks to its attachment to the back.<br \/>\nPainting dated, signed and stamped.<\/p>\n<p>My paintings give a unique and luxurious touch to your interiors.<\/p>\n<p><strong>Free worldwide shipping.<\/strong><br \/>\nDelivered with its certificate of authenticity and packaged carefully.<\/p>","protected":false},"excerpt":{"rendered":"<p>Canvas mounted on round frame.<br \/>\nGloss varnish finish.<\/p>\n<p>3d effect painted sides with a metal hanger on the back.<br \/>\nDimension : 50 cm\/19,6 inch<br \/>\nPainted in France<\/p>\n<p><strong>Free worldwide shipping.<\/strong><\/p>","protected":false},"featured_media":58265,"comment_status":"open","ping_status":"closed","template":"","meta":{"iawp_total_views":0},"product_brand":[],"product_cat":[97],"product_tag":[],"class_list":{"0":"post-58259","1":"product","2":"type-product","3":"status-publish","4":"has-post-thumbnail","6":"product_cat-tableaux-vendus","8":"first","9":"outofstock","10":"shipping-taxable","11":"product-type-simple"},"yoast_head":"<!-- This site is optimized with the Yoast SEO plugin v26.3 - https:\/\/yoast.com\/wordpress\/plugins\/seo\/ -->\n<title>Plage min\u00e9rale - Victor Baroni<\/title>\n<meta name=\"robots\" content=\"index, follow, max-snippet:-1, max-image-preview:large, max-video-preview:-1\" \/>\n<link rel=\"canonical\" href=\"https:\/\/victorbaroni.fr\/en\/collections\/plage-minerale\/\" \/>\n<meta property=\"og:locale\" content=\"en_US\" \/>\n<meta property=\"og:type\" content=\"article\" \/>\n<meta property=\"og:title\" content=\"Plage min\u00e9rale - Victor Baroni\" \/>\n<meta property=\"og:description\" content=\"Toile sur chassis rond. Finition vernis brillant.  Bords peints effet 3D avec attaches en m\u00e9tal au dos. Dimension : 50 cm\/19,6 inch Made in France  Livraison gratuite en France m\u00e9tropolitaine.\" \/>\n<meta property=\"og:url\" content=\"https:\/\/victorbaroni.fr\/en\/collections\/plage-minerale\/\" \/>\n<meta property=\"og:site_name\" content=\"Victor Baroni\" \/>\n<meta property=\"article:publisher\" content=\"https:\/\/www.facebook.com\/baronivictor\" \/>\n<meta property=\"article:modified_time\" content=\"2025-10-21T08:30:04+00:00\" \/>\n<meta property=\"og:image\" content=\"https:\/\/victorbaroni.fr\/wp-content\/uploads\/2022\/10\/plage-minerale-site.jpg\" \/>\n\t<meta property=\"og:image:width\" content=\"960\" \/>\n\t<meta property=\"og:image:height\" content=\"960\" \/>\n\t<meta property=\"og:image:type\" content=\"image\/jpeg\" \/>\n<meta name=\"twitter:card\" content=\"summary_large_image\" \/>\n<meta name=\"twitter:label1\" content=\"Est. reading time\" \/>\n\t<meta name=\"twitter:data1\" content=\"1 minute\" \/>\n<script type=\"application\/ld+json\" class=\"yoast-schema-graph\">{\"@context\":\"https:\/\/schema.org\",\"@graph\":[{\"@type\":\"WebPage\",\"@id\":\"https:\/\/victorbaroni.fr\/collections\/plage-minerale\/\",\"url\":\"https:\/\/victorbaroni.fr\/collections\/plage-minerale\/\",\"name\":\"Plage min\u00e9rale - Victor Baroni\",\"isPartOf\":{\"@id\":\"https:\/\/victorbaroni.fr\/#website\"},\"primaryImageOfPage\":{\"@id\":\"https:\/\/victorbaroni.fr\/collections\/plage-minerale\/#primaryimage\"},\"image\":{\"@id\":\"https:\/\/victorbaroni.fr\/collections\/plage-minerale\/#primaryimage\"},\"thumbnailUrl\":\"https:\/\/victorbaroni.fr\/wp-content\/uploads\/2022\/10\/plage-minerale-site.jpg\",\"datePublished\":\"2022-10-28T15:30:50+00:00\",\"dateModified\":\"2025-10-21T08:30:04+00:00\",\"breadcrumb\":{\"@id\":\"https:\/\/victorbaroni.fr\/collections\/plage-minerale\/#breadcrumb\"},\"inLanguage\":\"en-US\",\"potentialAction\":[{\"@type\":\"ReadAction\",\"target\":[\"https:\/\/victorbaroni.fr\/collections\/plage-minerale\/\"]}]},{\"@type\":\"ImageObject\",\"inLanguage\":\"en-US\",\"@id\":\"https:\/\/victorbaroni.fr\/collections\/plage-minerale\/#primaryimage\",\"url\":\"https:\/\/victorbaroni.fr\/wp-content\/uploads\/2022\/10\/plage-minerale-site.jpg\",\"contentUrl\":\"https:\/\/victorbaroni.fr\/wp-content\/uploads\/2022\/10\/plage-minerale-site.jpg\",\"width\":960,\"height\":960},{\"@type\":\"BreadcrumbList\",\"@id\":\"https:\/\/victorbaroni.fr\/collections\/plage-minerale\/#breadcrumb\",\"itemListElement\":[{\"@type\":\"ListItem\",\"position\":1,\"name\":\"Accueil\",\"item\":\"https:\/\/victorbaroni.fr\/\"},{\"@type\":\"ListItem\",\"position\":2,\"name\":\"Collections\",\"item\":\"https:\/\/victorbaroni.fr\/collections\/\"},{\"@type\":\"ListItem\",\"position\":3,\"name\":\"Plage min\u00e9rale\"}]},{\"@type\":\"WebSite\",\"@id\":\"https:\/\/victorbaroni.fr\/#website\",\"url\":\"https:\/\/victorbaroni.fr\/\",\"name\":\"Victor Baroni\",\"description\":\"Artiste peintre Fran\u00e7ais\",\"publisher\":{\"@id\":\"https:\/\/victorbaroni.fr\/#organization\"},\"potentialAction\":[{\"@type\":\"SearchAction\",\"target\":{\"@type\":\"EntryPoint\",\"urlTemplate\":\"https:\/\/victorbaroni.fr\/?s={search_term_string}\"},\"query-input\":{\"@type\":\"PropertyValueSpecification\",\"valueRequired\":true,\"valueName\":\"search_term_string\"}}],\"inLanguage\":\"en-US\"},{\"@type\":\"Organization\",\"@id\":\"https:\/\/victorbaroni.fr\/#organization\",\"name\":\"Victor Baroni\",\"url\":\"https:\/\/victorbaroni.fr\/\",\"logo\":{\"@type\":\"ImageObject\",\"inLanguage\":\"en-US\",\"@id\":\"https:\/\/victorbaroni.fr\/#\/schema\/logo\/image\/\",\"url\":\"https:\/\/victorbaroni.fr\/wp-content\/uploads\/2020\/10\/victor-baroni-logo-retina.png\",\"contentUrl\":\"https:\/\/victorbaroni.fr\/wp-content\/uploads\/2020\/10\/victor-baroni-logo-retina.png\",\"width\":496,\"height\":198,\"caption\":\"Victor Baroni\"},\"image\":{\"@id\":\"https:\/\/victorbaroni.fr\/#\/schema\/logo\/image\/\"},\"sameAs\":[\"https:\/\/www.facebook.com\/baronivictor\",\"https:\/\/www.instagram.com\/baronivictor\/\",\"https:\/\/www.youtube.com\/vic17b\"]}]}<\/script>\n<!-- \/ Yoast SEO plugin. -->","yoast_head_json":{"title":"Plage min\u00e9rale - Victor Baroni","robots":{"index":"index","follow":"follow","max-snippet":"max-snippet:-1","max-image-preview":"max-image-preview:large","max-video-preview":"max-video-preview:-1"},"canonical":"https:\/\/victorbaroni.fr\/en\/collections\/plage-minerale\/","og_locale":"en_US","og_type":"article","og_title":"Plage min\u00e9rale - Victor Baroni","og_description":"Toile sur chassis rond. Finition vernis brillant.  Bords peints effet 3D avec attaches en m\u00e9tal au dos. Dimension : 50 cm\/19,6 inch Made in France  Livraison gratuite en France m\u00e9tropolitaine.","og_url":"https:\/\/victorbaroni.fr\/en\/collections\/plage-minerale\/","og_site_name":"Victor Baroni","article_publisher":"https:\/\/www.facebook.com\/baronivictor","article_modified_time":"2025-10-21T08:30:04+00:00","og_image":[{"width":960,"height":960,"url":"https:\/\/victorbaroni.fr\/wp-content\/uploads\/2022\/10\/plage-minerale-site.jpg","type":"image\/jpeg"}],"twitter_card":"summary_large_image","twitter_misc":{"Est. reading time":"1 minute"},"schema":{"@context":"https:\/\/schema.org","@graph":[{"@type":"WebPage","@id":"https:\/\/victorbaroni.fr\/collections\/plage-minerale\/","url":"https:\/\/victorbaroni.fr\/collections\/plage-minerale\/","name":"Plage min\u00e9rale - Victor Baroni","isPartOf":{"@id":"https:\/\/victorbaroni.fr\/#website"},"primaryImageOfPage":{"@id":"https:\/\/victorbaroni.fr\/collections\/plage-minerale\/#primaryimage"},"image":{"@id":"https:\/\/victorbaroni.fr\/collections\/plage-minerale\/#primaryimage"},"thumbnailUrl":"https:\/\/victorbaroni.fr\/wp-content\/uploads\/2022\/10\/plage-minerale-site.jpg","datePublished":"2022-10-28T15:30:50+00:00","dateModified":"2025-10-21T08:30:04+00:00","breadcrumb":{"@id":"https:\/\/victorbaroni.fr\/collections\/plage-minerale\/#breadcrumb"},"inLanguage":"en-US","potentialAction":[{"@type":"ReadAction","target":["https:\/\/victorbaroni.fr\/collections\/plage-minerale\/"]}]},{"@type":"ImageObject","inLanguage":"en-US","@id":"https:\/\/victorbaroni.fr\/collections\/plage-minerale\/#primaryimage","url":"https:\/\/victorbaroni.fr\/wp-content\/uploads\/2022\/10\/plage-minerale-site.jpg","contentUrl":"https:\/\/victorbaroni.fr\/wp-content\/uploads\/2022\/10\/plage-minerale-site.jpg","width":960,"height":960},{"@type":"BreadcrumbList","@id":"https:\/\/victorbaroni.fr\/collections\/plage-minerale\/#breadcrumb","itemListElement":[{"@type":"ListItem","position":1,"name":"Accueil","item":"https:\/\/victorbaroni.fr\/"},{"@type":"ListItem","position":2,"name":"Collections","item":"https:\/\/victorbaroni.fr\/collections\/"},{"@type":"ListItem","position":3,"name":"Plage min\u00e9rale"}]},{"@type":"WebSite","@id":"https:\/\/victorbaroni.fr\/#website","url":"https:\/\/victorbaroni.fr\/","name":"Victor Baroni","description":"Artiste peintre Fran\u00e7ais","publisher":{"@id":"https:\/\/victorbaroni.fr\/#organization"},"potentialAction":[{"@type":"SearchAction","target":{"@type":"EntryPoint","urlTemplate":"https:\/\/victorbaroni.fr\/?s={search_term_string}"},"query-input":{"@type":"PropertyValueSpecification","valueRequired":true,"valueName":"search_term_string"}}],"inLanguage":"en-US"},{"@type":"Organization","@id":"https:\/\/victorbaroni.fr\/#organization","name":"Victor Baroni","url":"https:\/\/victorbaroni.fr\/","logo":{"@type":"ImageObject","inLanguage":"en-US","@id":"https:\/\/victorbaroni.fr\/#\/schema\/logo\/image\/","url":"https:\/\/victorbaroni.fr\/wp-content\/uploads\/2020\/10\/victor-baroni-logo-retina.png","contentUrl":"https:\/\/victorbaroni.fr\/wp-content\/uploads\/2020\/10\/victor-baroni-logo-retina.png","width":496,"height":198,"caption":"Victor Baroni"},"image":{"@id":"https:\/\/victorbaroni.fr\/#\/schema\/logo\/image\/"},"sameAs":["https:\/\/www.facebook.com\/baronivictor","https:\/\/www.instagram.com\/baronivictor\/","https:\/\/www.youtube.com\/vic17b"]}]}},"_links":{"self":[{"href":"https:\/\/victorbaroni.fr\/en\/wp-json\/wp\/v2\/product\/58259","targetHints":{"allow":["GET"]}}],"collection":[{"href":"https:\/\/victorbaroni.fr\/en\/wp-json\/wp\/v2\/product"}],"about":[{"href":"https:\/\/victorbaroni.fr\/en\/wp-json\/wp\/v2\/types\/product"}],"replies":[{"embeddable":true,"href":"https:\/\/victorbaroni.fr\/en\/wp-json\/wp\/v2\/comments?post=58259"}],"wp:featuredmedia":[{"embeddable":true,"href":"https:\/\/victorbaroni.fr\/en\/wp-json\/wp\/v2\/media\/58265"}],"wp:attachment":[{"href":"https:\/\/victorbaroni.fr\/en\/wp-json\/wp\/v2\/media?parent=58259"}],"wp:term":[{"taxonomy":"product_brand","embeddable":true,"href":"https:\/\/victorbaroni.fr\/en\/wp-json\/wp\/v2\/product_brand?post=58259"},{"taxonomy":"product_cat","embeddable":true,"href":"https:\/\/victorbaroni.fr\/en\/wp-json\/wp\/v2\/product_cat?post=58259"},{"taxonomy":"product_tag","embeddable":true,"href":"https:\/\/victorbaroni.fr\/en\/wp-json\/wp\/v2\/product_tag?post=58259"}],"curies":[{"name":"wp","href":"https:\/\/api.w.org\/{rel}","templated":true}]}}