{"id":643601,"date":"2024-06-17T16:33:35","date_gmt":"2024-06-17T14:33:35","guid":{"rendered":"https:\/\/victorbaroni.fr\/?post_type=product&#038;p=643601"},"modified":"2025-12-19T20:54:57","modified_gmt":"2025-12-19T19:54:57","slug":"aurore-minerale","status":"publish","type":"product","link":"https:\/\/victorbaroni.fr\/en\/collections\/aurore-minerale\/","title":{"rendered":"Aurore min\u00e9rale"},"content":{"rendered":"<p>Peinture unique d&#8217;inspiration min\u00e9rale. Accent d&#8217;or inspir\u00e9 de l&#8217;art du Kintsugi, cette technique ancestrale, d\u00e9couverte au XV\u00e8me si\u00e8cle au Japon, consiste \u00e0 r\u00e9parer un objet en soulignant ses lignes de failles avec de la v\u00e9ritable poudre d\u2019or, au lieu de chercher \u00e0 les masquer. Soign\u00e9, puis honor\u00e9, l\u2019objet cass\u00e9 assume son pass\u00e9, et devient paradoxalement plus r\u00e9sistant, plus beau et plus pr\u00e9cieux qu\u2019avant le choc&#8230;<\/p>\n<p>Artwork painted by hand with acrylic paint, gold leaf and sealed with a matte varnish.<br \/>\nRectangular format of 100\u00d780 cm \/ 40\u00d732\u2033 can be hung thanks to its attachment to the back. Wooden floating frame included.<br \/>\nPainting dated, signed and stamped.<\/p>\n<p>My paintings give a unique and luxurious touch to your interiors.<\/p>\n<p><strong data-start=\"510\" data-end=\"540\">\u0152uvre pr\u00e9sent\u00e9e en galerie<\/strong><br data-start=\"540\" data-end=\"543\" \/>Ce tableau est propos\u00e9 \u00e0 la vente exclusivement \u00e0 la <strong data-start=\"598\" data-end=\"630\">Galerie Harmattan (Chamonix)<\/strong>.<\/p>","protected":false},"excerpt":{"rendered":"<p><strong data-start=\"510\" data-end=\"540\">\u0152uvre pr\u00e9sent\u00e9e en galerie<\/strong><br data-start=\"540\" data-end=\"543\" \/>Ce tableau est propos\u00e9 \u00e0 la vente exclusivement \u00e0 la <strong data-start=\"598\" data-end=\"630\">Galerie Harmattan (Chamonix)<\/strong>.<\/p>\n<p>Canvas mounted on French wooden frame and made in France.<br \/>\nFinition vernis mat et filets d&#8217;or brillant.<\/p>\n<p>Rectangular canvas, 3d painted sides with a wooden floating frame.<br \/>\nDimensions: 100&#215;80 cm \/ 40&#215;32&#8243;<br \/>\nPainted in France<\/p>","protected":false},"featured_media":800218,"comment_status":"open","ping_status":"closed","template":"","meta":{"iawp_total_views":0},"product_brand":[],"product_cat":[99,81],"product_tag":[],"class_list":{"0":"post-643601","1":"product","2":"type-product","3":"status-publish","4":"has-post-thumbnail","6":"product_cat-grands-tableaux","7":"product_cat-collection-minerale-kintsugi","9":"first","10":"outofstock","11":"featured","12":"shipping-taxable","13":"product-type-simple"},"yoast_head":"<!-- This site is optimized with the Yoast SEO plugin v26.3 - https:\/\/yoast.com\/wordpress\/plugins\/seo\/ -->\n<title>Aurore min\u00e9rale - Victor Baroni<\/title>\n<meta name=\"robots\" content=\"index, follow, max-snippet:-1, max-image-preview:large, max-video-preview:-1\" \/>\n<link rel=\"canonical\" href=\"https:\/\/victorbaroni.fr\/en\/collections\/aurore-minerale\/\" \/>\n<meta property=\"og:locale\" content=\"en_US\" \/>\n<meta property=\"og:type\" content=\"article\" \/>\n<meta property=\"og:title\" content=\"Aurore min\u00e9rale - Victor Baroni\" \/>\n<meta property=\"og:description\" content=\"\u0152uvre pr\u00e9sent\u00e9e en galerieCe tableau est propos\u00e9 \u00e0 la vente exclusivement \u00e0 la Galerie Harmattan (Chamonix).  Toile mont\u00e9e sur ch\u00e2ssis en bois fran\u00e7ais et fabriqu\u00e9 en France. Finition vernis mat et filets d&#039;or brillant.  Toile rectangle, encadrement peint effet 3D et caisse am\u00e9ricaine bois. Dimensions: 100x80 cm \/ 40x32&quot; Made in France\" \/>\n<meta property=\"og:url\" content=\"https:\/\/victorbaroni.fr\/en\/collections\/aurore-minerale\/\" \/>\n<meta property=\"og:site_name\" content=\"Victor Baroni\" \/>\n<meta property=\"article:publisher\" content=\"https:\/\/www.facebook.com\/baronivictor\" \/>\n<meta property=\"article:modified_time\" content=\"2025-12-19T19:54:57+00:00\" \/>\n<meta property=\"og:image\" content=\"https:\/\/victorbaroni.fr\/wp-content\/uploads\/2024\/06\/Aurore-minerale-face-Baroni-Victor-100x80-site-2.jpg\" \/>\n\t<meta property=\"og:image:width\" content=\"1000\" \/>\n\t<meta property=\"og:image:height\" content=\"1250\" \/>\n\t<meta property=\"og:image:type\" content=\"image\/jpeg\" \/>\n<meta name=\"twitter:card\" content=\"summary_large_image\" \/>\n<meta name=\"twitter:label1\" content=\"Est. reading time\" \/>\n\t<meta name=\"twitter:data1\" content=\"1 minute\" \/>\n<script type=\"application\/ld+json\" class=\"yoast-schema-graph\">{\"@context\":\"https:\/\/schema.org\",\"@graph\":[{\"@type\":\"WebPage\",\"@id\":\"https:\/\/victorbaroni.fr\/collections\/aurore-minerale\/\",\"url\":\"https:\/\/victorbaroni.fr\/collections\/aurore-minerale\/\",\"name\":\"Aurore min\u00e9rale - Victor Baroni\",\"isPartOf\":{\"@id\":\"https:\/\/victorbaroni.fr\/#website\"},\"primaryImageOfPage\":{\"@id\":\"https:\/\/victorbaroni.fr\/collections\/aurore-minerale\/#primaryimage\"},\"image\":{\"@id\":\"https:\/\/victorbaroni.fr\/collections\/aurore-minerale\/#primaryimage\"},\"thumbnailUrl\":\"https:\/\/victorbaroni.fr\/wp-content\/uploads\/2024\/06\/Aurore-minerale-face-Baroni-Victor-100x80-site-2.jpg\",\"datePublished\":\"2024-06-17T14:33:35+00:00\",\"dateModified\":\"2025-12-19T19:54:57+00:00\",\"breadcrumb\":{\"@id\":\"https:\/\/victorbaroni.fr\/collections\/aurore-minerale\/#breadcrumb\"},\"inLanguage\":\"en-US\",\"potentialAction\":[{\"@type\":\"ReadAction\",\"target\":[\"https:\/\/victorbaroni.fr\/collections\/aurore-minerale\/\"]}]},{\"@type\":\"ImageObject\",\"inLanguage\":\"en-US\",\"@id\":\"https:\/\/victorbaroni.fr\/collections\/aurore-minerale\/#primaryimage\",\"url\":\"https:\/\/victorbaroni.fr\/wp-content\/uploads\/2024\/06\/Aurore-minerale-face-Baroni-Victor-100x80-site-2.jpg\",\"contentUrl\":\"https:\/\/victorbaroni.fr\/wp-content\/uploads\/2024\/06\/Aurore-minerale-face-Baroni-Victor-100x80-site-2.jpg\",\"width\":1000,\"height\":1250},{\"@type\":\"BreadcrumbList\",\"@id\":\"https:\/\/victorbaroni.fr\/collections\/aurore-minerale\/#breadcrumb\",\"itemListElement\":[{\"@type\":\"ListItem\",\"position\":1,\"name\":\"Accueil\",\"item\":\"https:\/\/victorbaroni.fr\/\"},{\"@type\":\"ListItem\",\"position\":2,\"name\":\"Collections\",\"item\":\"https:\/\/victorbaroni.fr\/collections\/\"},{\"@type\":\"ListItem\",\"position\":3,\"name\":\"Aurore min\u00e9rale\"}]},{\"@type\":\"WebSite\",\"@id\":\"https:\/\/victorbaroni.fr\/#website\",\"url\":\"https:\/\/victorbaroni.fr\/\",\"name\":\"Victor Baroni\",\"description\":\"Artiste peintre Fran\u00e7ais\",\"publisher\":{\"@id\":\"https:\/\/victorbaroni.fr\/#organization\"},\"potentialAction\":[{\"@type\":\"SearchAction\",\"target\":{\"@type\":\"EntryPoint\",\"urlTemplate\":\"https:\/\/victorbaroni.fr\/?s={search_term_string}\"},\"query-input\":{\"@type\":\"PropertyValueSpecification\",\"valueRequired\":true,\"valueName\":\"search_term_string\"}}],\"inLanguage\":\"en-US\"},{\"@type\":\"Organization\",\"@id\":\"https:\/\/victorbaroni.fr\/#organization\",\"name\":\"Victor Baroni\",\"url\":\"https:\/\/victorbaroni.fr\/\",\"logo\":{\"@type\":\"ImageObject\",\"inLanguage\":\"en-US\",\"@id\":\"https:\/\/victorbaroni.fr\/#\/schema\/logo\/image\/\",\"url\":\"https:\/\/victorbaroni.fr\/wp-content\/uploads\/2020\/10\/victor-baroni-logo-retina.png\",\"contentUrl\":\"https:\/\/victorbaroni.fr\/wp-content\/uploads\/2020\/10\/victor-baroni-logo-retina.png\",\"width\":496,\"height\":198,\"caption\":\"Victor Baroni\"},\"image\":{\"@id\":\"https:\/\/victorbaroni.fr\/#\/schema\/logo\/image\/\"},\"sameAs\":[\"https:\/\/www.facebook.com\/baronivictor\",\"https:\/\/www.instagram.com\/baronivictor\/\",\"https:\/\/www.youtube.com\/vic17b\"]}]}<\/script>\n<!-- \/ Yoast SEO plugin. -->","yoast_head_json":{"title":"Aurore min\u00e9rale - Victor Baroni","robots":{"index":"index","follow":"follow","max-snippet":"max-snippet:-1","max-image-preview":"max-image-preview:large","max-video-preview":"max-video-preview:-1"},"canonical":"https:\/\/victorbaroni.fr\/en\/collections\/aurore-minerale\/","og_locale":"en_US","og_type":"article","og_title":"Aurore min\u00e9rale - Victor Baroni","og_description":"\u0152uvre pr\u00e9sent\u00e9e en galerieCe tableau est propos\u00e9 \u00e0 la vente exclusivement \u00e0 la Galerie Harmattan (Chamonix).  Toile mont\u00e9e sur ch\u00e2ssis en bois fran\u00e7ais et fabriqu\u00e9 en France. Finition vernis mat et filets d'or brillant.  Toile rectangle, encadrement peint effet 3D et caisse am\u00e9ricaine bois. Dimensions: 100x80 cm \/ 40x32\" Made in France","og_url":"https:\/\/victorbaroni.fr\/en\/collections\/aurore-minerale\/","og_site_name":"Victor Baroni","article_publisher":"https:\/\/www.facebook.com\/baronivictor","article_modified_time":"2025-12-19T19:54:57+00:00","og_image":[{"width":1000,"height":1250,"url":"https:\/\/victorbaroni.fr\/wp-content\/uploads\/2024\/06\/Aurore-minerale-face-Baroni-Victor-100x80-site-2.jpg","type":"image\/jpeg"}],"twitter_card":"summary_large_image","twitter_misc":{"Est. reading time":"1 minute"},"schema":{"@context":"https:\/\/schema.org","@graph":[{"@type":"WebPage","@id":"https:\/\/victorbaroni.fr\/collections\/aurore-minerale\/","url":"https:\/\/victorbaroni.fr\/collections\/aurore-minerale\/","name":"Aurore min\u00e9rale - Victor Baroni","isPartOf":{"@id":"https:\/\/victorbaroni.fr\/#website"},"primaryImageOfPage":{"@id":"https:\/\/victorbaroni.fr\/collections\/aurore-minerale\/#primaryimage"},"image":{"@id":"https:\/\/victorbaroni.fr\/collections\/aurore-minerale\/#primaryimage"},"thumbnailUrl":"https:\/\/victorbaroni.fr\/wp-content\/uploads\/2024\/06\/Aurore-minerale-face-Baroni-Victor-100x80-site-2.jpg","datePublished":"2024-06-17T14:33:35+00:00","dateModified":"2025-12-19T19:54:57+00:00","breadcrumb":{"@id":"https:\/\/victorbaroni.fr\/collections\/aurore-minerale\/#breadcrumb"},"inLanguage":"en-US","potentialAction":[{"@type":"ReadAction","target":["https:\/\/victorbaroni.fr\/collections\/aurore-minerale\/"]}]},{"@type":"ImageObject","inLanguage":"en-US","@id":"https:\/\/victorbaroni.fr\/collections\/aurore-minerale\/#primaryimage","url":"https:\/\/victorbaroni.fr\/wp-content\/uploads\/2024\/06\/Aurore-minerale-face-Baroni-Victor-100x80-site-2.jpg","contentUrl":"https:\/\/victorbaroni.fr\/wp-content\/uploads\/2024\/06\/Aurore-minerale-face-Baroni-Victor-100x80-site-2.jpg","width":1000,"height":1250},{"@type":"BreadcrumbList","@id":"https:\/\/victorbaroni.fr\/collections\/aurore-minerale\/#breadcrumb","itemListElement":[{"@type":"ListItem","position":1,"name":"Accueil","item":"https:\/\/victorbaroni.fr\/"},{"@type":"ListItem","position":2,"name":"Collections","item":"https:\/\/victorbaroni.fr\/collections\/"},{"@type":"ListItem","position":3,"name":"Aurore min\u00e9rale"}]},{"@type":"WebSite","@id":"https:\/\/victorbaroni.fr\/#website","url":"https:\/\/victorbaroni.fr\/","name":"Victor Baroni","description":"Artiste peintre Fran\u00e7ais","publisher":{"@id":"https:\/\/victorbaroni.fr\/#organization"},"potentialAction":[{"@type":"SearchAction","target":{"@type":"EntryPoint","urlTemplate":"https:\/\/victorbaroni.fr\/?s={search_term_string}"},"query-input":{"@type":"PropertyValueSpecification","valueRequired":true,"valueName":"search_term_string"}}],"inLanguage":"en-US"},{"@type":"Organization","@id":"https:\/\/victorbaroni.fr\/#organization","name":"Victor Baroni","url":"https:\/\/victorbaroni.fr\/","logo":{"@type":"ImageObject","inLanguage":"en-US","@id":"https:\/\/victorbaroni.fr\/#\/schema\/logo\/image\/","url":"https:\/\/victorbaroni.fr\/wp-content\/uploads\/2020\/10\/victor-baroni-logo-retina.png","contentUrl":"https:\/\/victorbaroni.fr\/wp-content\/uploads\/2020\/10\/victor-baroni-logo-retina.png","width":496,"height":198,"caption":"Victor Baroni"},"image":{"@id":"https:\/\/victorbaroni.fr\/#\/schema\/logo\/image\/"},"sameAs":["https:\/\/www.facebook.com\/baronivictor","https:\/\/www.instagram.com\/baronivictor\/","https:\/\/www.youtube.com\/vic17b"]}]}},"_links":{"self":[{"href":"https:\/\/victorbaroni.fr\/en\/wp-json\/wp\/v2\/product\/643601","targetHints":{"allow":["GET"]}}],"collection":[{"href":"https:\/\/victorbaroni.fr\/en\/wp-json\/wp\/v2\/product"}],"about":[{"href":"https:\/\/victorbaroni.fr\/en\/wp-json\/wp\/v2\/types\/product"}],"replies":[{"embeddable":true,"href":"https:\/\/victorbaroni.fr\/en\/wp-json\/wp\/v2\/comments?post=643601"}],"wp:featuredmedia":[{"embeddable":true,"href":"https:\/\/victorbaroni.fr\/en\/wp-json\/wp\/v2\/media\/800218"}],"wp:attachment":[{"href":"https:\/\/victorbaroni.fr\/en\/wp-json\/wp\/v2\/media?parent=643601"}],"wp:term":[{"taxonomy":"product_brand","embeddable":true,"href":"https:\/\/victorbaroni.fr\/en\/wp-json\/wp\/v2\/product_brand?post=643601"},{"taxonomy":"product_cat","embeddable":true,"href":"https:\/\/victorbaroni.fr\/en\/wp-json\/wp\/v2\/product_cat?post=643601"},{"taxonomy":"product_tag","embeddable":true,"href":"https:\/\/victorbaroni.fr\/en\/wp-json\/wp\/v2\/product_tag?post=643601"}],"curies":[{"name":"wp","href":"https:\/\/api.w.org\/{rel}","templated":true}]}}