{"id":768610,"date":"2024-10-16T14:13:31","date_gmt":"2024-10-16T12:13:31","guid":{"rendered":"https:\/\/victorbaroni.fr\/?post_type=product&#038;p=768610"},"modified":"2025-10-24T13:53:20","modified_gmt":"2025-10-24T11:53:20","slug":"fragments-de-mer","status":"publish","type":"product","link":"https:\/\/victorbaroni.fr\/en\/collections\/fragments-de-mer\/","title":{"rendered":"Fragments de mer"},"content":{"rendered":"<p>Peinture abstraite d&#8217;inspiration min\u00e9rale.<br \/>\nGold accents are inspired by the art of Kintsugi, this ancient technique, discovered in the fifteenth century in Japan, invites us to repair a broken object by enhancing its scars with real gold powder, instead of trying to hide them. Cared for, then honored, the broken object assumes its past and becomes paradoxically more resilient, more beautiful, and more precious than before the shock...<\/p>\n<p>Artwork painted by hand with acrylic paint, gold leaf and sealed with a high gloss varnish.<br \/>\nFormat rectangle 60&#215;20 cm \/ <b>\u2248 <\/b>8&#215;24 inches. Peut \u00eatre accroch\u00e9 gr\u00e2ce \u00e0 son attache au dos.<br \/>\nPainting dated, signed and stamped.<\/p>\n<p>My paintings give a unique and luxurious touch to your interiors.<\/p>\n<p><strong>Free worldwide shipping.<\/strong><br \/>\nDelivered with its certificate of authenticity and packaged carefully.<\/p>","protected":false},"excerpt":{"rendered":"<p>Museum-quality stretched canvas made in France with French wood.<br \/>\nHigh gloss varnish finish.<\/p>\n<p>Rectangle-size canvas and a metal hanger on the back.<br \/>\nDimension : 60&#215;20 cm \/ <b>\u2248 <\/b>8&#215;24 inches<\/p>\n<p><strong>Free worldwide shipping.<\/strong><\/p>","protected":false},"featured_media":768614,"comment_status":"open","ping_status":"closed","template":"","meta":{"iawp_total_views":0},"product_brand":[],"product_cat":[97],"product_tag":[],"class_list":{"0":"post-768610","1":"product","2":"type-product","3":"status-publish","4":"has-post-thumbnail","6":"product_cat-tableaux-vendus","8":"first","9":"outofstock","10":"shipping-taxable","11":"product-type-simple"},"yoast_head":"<!-- This site is optimized with the Yoast SEO plugin v26.3 - https:\/\/yoast.com\/wordpress\/plugins\/seo\/ -->\n<title>Fragments de mer - Victor Baroni<\/title>\n<meta name=\"robots\" content=\"index, follow, max-snippet:-1, max-image-preview:large, max-video-preview:-1\" \/>\n<link rel=\"canonical\" href=\"https:\/\/victorbaroni.fr\/en\/collections\/fragments-de-mer\/\" \/>\n<meta property=\"og:locale\" content=\"en_US\" \/>\n<meta property=\"og:type\" content=\"article\" \/>\n<meta property=\"og:title\" content=\"Fragments de mer - Victor Baroni\" \/>\n<meta property=\"og:description\" content=\"Ch\u00e2ssis en bois fabriqu\u00e9 en France qualit\u00e9 mus\u00e9e. Finition vernis haute brillance.  Toile rectangle et attache en m\u00e9tal au dos. Dimension : 60x20 cm \/ \u2248 8x24 inches  Livraison gratuite en France m\u00e9tropolitaine.\" \/>\n<meta property=\"og:url\" content=\"https:\/\/victorbaroni.fr\/en\/collections\/fragments-de-mer\/\" \/>\n<meta property=\"og:site_name\" content=\"Victor Baroni\" \/>\n<meta property=\"article:publisher\" content=\"https:\/\/www.facebook.com\/baronivictor\" \/>\n<meta property=\"article:modified_time\" content=\"2025-10-24T11:53:20+00:00\" \/>\n<meta property=\"og:image\" content=\"https:\/\/victorbaroni.fr\/wp-content\/uploads\/2024\/10\/fragment-de-mer-2024-vue-face-site-baroni-victor.jpg\" \/>\n\t<meta property=\"og:image:width\" content=\"1250\" \/>\n\t<meta property=\"og:image:height\" content=\"1250\" \/>\n\t<meta property=\"og:image:type\" content=\"image\/jpeg\" \/>\n<meta name=\"twitter:card\" content=\"summary_large_image\" \/>\n<meta name=\"twitter:label1\" content=\"Est. reading time\" \/>\n\t<meta name=\"twitter:data1\" content=\"1 minute\" \/>\n<script type=\"application\/ld+json\" class=\"yoast-schema-graph\">{\"@context\":\"https:\/\/schema.org\",\"@graph\":[{\"@type\":\"WebPage\",\"@id\":\"https:\/\/victorbaroni.fr\/collections\/fragments-de-mer\/\",\"url\":\"https:\/\/victorbaroni.fr\/collections\/fragments-de-mer\/\",\"name\":\"Fragments de mer - Victor Baroni\",\"isPartOf\":{\"@id\":\"https:\/\/victorbaroni.fr\/#website\"},\"primaryImageOfPage\":{\"@id\":\"https:\/\/victorbaroni.fr\/collections\/fragments-de-mer\/#primaryimage\"},\"image\":{\"@id\":\"https:\/\/victorbaroni.fr\/collections\/fragments-de-mer\/#primaryimage\"},\"thumbnailUrl\":\"https:\/\/victorbaroni.fr\/wp-content\/uploads\/2024\/10\/fragment-de-mer-2024-vue-face-site-baroni-victor.jpg\",\"datePublished\":\"2024-10-16T12:13:31+00:00\",\"dateModified\":\"2025-10-24T11:53:20+00:00\",\"breadcrumb\":{\"@id\":\"https:\/\/victorbaroni.fr\/collections\/fragments-de-mer\/#breadcrumb\"},\"inLanguage\":\"en-US\",\"potentialAction\":[{\"@type\":\"ReadAction\",\"target\":[\"https:\/\/victorbaroni.fr\/collections\/fragments-de-mer\/\"]}]},{\"@type\":\"ImageObject\",\"inLanguage\":\"en-US\",\"@id\":\"https:\/\/victorbaroni.fr\/collections\/fragments-de-mer\/#primaryimage\",\"url\":\"https:\/\/victorbaroni.fr\/wp-content\/uploads\/2024\/10\/fragment-de-mer-2024-vue-face-site-baroni-victor.jpg\",\"contentUrl\":\"https:\/\/victorbaroni.fr\/wp-content\/uploads\/2024\/10\/fragment-de-mer-2024-vue-face-site-baroni-victor.jpg\",\"width\":1250,\"height\":1250},{\"@type\":\"BreadcrumbList\",\"@id\":\"https:\/\/victorbaroni.fr\/collections\/fragments-de-mer\/#breadcrumb\",\"itemListElement\":[{\"@type\":\"ListItem\",\"position\":1,\"name\":\"Accueil\",\"item\":\"https:\/\/victorbaroni.fr\/\"},{\"@type\":\"ListItem\",\"position\":2,\"name\":\"Collections\",\"item\":\"https:\/\/victorbaroni.fr\/collections\/\"},{\"@type\":\"ListItem\",\"position\":3,\"name\":\"Fragments de mer\"}]},{\"@type\":\"WebSite\",\"@id\":\"https:\/\/victorbaroni.fr\/#website\",\"url\":\"https:\/\/victorbaroni.fr\/\",\"name\":\"Victor Baroni\",\"description\":\"Artiste peintre Fran\u00e7ais\",\"publisher\":{\"@id\":\"https:\/\/victorbaroni.fr\/#organization\"},\"potentialAction\":[{\"@type\":\"SearchAction\",\"target\":{\"@type\":\"EntryPoint\",\"urlTemplate\":\"https:\/\/victorbaroni.fr\/?s={search_term_string}\"},\"query-input\":{\"@type\":\"PropertyValueSpecification\",\"valueRequired\":true,\"valueName\":\"search_term_string\"}}],\"inLanguage\":\"en-US\"},{\"@type\":\"Organization\",\"@id\":\"https:\/\/victorbaroni.fr\/#organization\",\"name\":\"Victor Baroni\",\"url\":\"https:\/\/victorbaroni.fr\/\",\"logo\":{\"@type\":\"ImageObject\",\"inLanguage\":\"en-US\",\"@id\":\"https:\/\/victorbaroni.fr\/#\/schema\/logo\/image\/\",\"url\":\"https:\/\/victorbaroni.fr\/wp-content\/uploads\/2020\/10\/victor-baroni-logo-retina.png\",\"contentUrl\":\"https:\/\/victorbaroni.fr\/wp-content\/uploads\/2020\/10\/victor-baroni-logo-retina.png\",\"width\":496,\"height\":198,\"caption\":\"Victor Baroni\"},\"image\":{\"@id\":\"https:\/\/victorbaroni.fr\/#\/schema\/logo\/image\/\"},\"sameAs\":[\"https:\/\/www.facebook.com\/baronivictor\",\"https:\/\/www.instagram.com\/baronivictor\/\",\"https:\/\/www.youtube.com\/vic17b\"]}]}<\/script>\n<!-- \/ Yoast SEO plugin. -->","yoast_head_json":{"title":"Fragments de mer - Victor Baroni","robots":{"index":"index","follow":"follow","max-snippet":"max-snippet:-1","max-image-preview":"max-image-preview:large","max-video-preview":"max-video-preview:-1"},"canonical":"https:\/\/victorbaroni.fr\/en\/collections\/fragments-de-mer\/","og_locale":"en_US","og_type":"article","og_title":"Fragments de mer - Victor Baroni","og_description":"Ch\u00e2ssis en bois fabriqu\u00e9 en France qualit\u00e9 mus\u00e9e. Finition vernis haute brillance.  Toile rectangle et attache en m\u00e9tal au dos. Dimension : 60x20 cm \/ \u2248 8x24 inches  Livraison gratuite en France m\u00e9tropolitaine.","og_url":"https:\/\/victorbaroni.fr\/en\/collections\/fragments-de-mer\/","og_site_name":"Victor Baroni","article_publisher":"https:\/\/www.facebook.com\/baronivictor","article_modified_time":"2025-10-24T11:53:20+00:00","og_image":[{"width":1250,"height":1250,"url":"https:\/\/victorbaroni.fr\/wp-content\/uploads\/2024\/10\/fragment-de-mer-2024-vue-face-site-baroni-victor.jpg","type":"image\/jpeg"}],"twitter_card":"summary_large_image","twitter_misc":{"Est. reading time":"1 minute"},"schema":{"@context":"https:\/\/schema.org","@graph":[{"@type":"WebPage","@id":"https:\/\/victorbaroni.fr\/collections\/fragments-de-mer\/","url":"https:\/\/victorbaroni.fr\/collections\/fragments-de-mer\/","name":"Fragments de mer - Victor Baroni","isPartOf":{"@id":"https:\/\/victorbaroni.fr\/#website"},"primaryImageOfPage":{"@id":"https:\/\/victorbaroni.fr\/collections\/fragments-de-mer\/#primaryimage"},"image":{"@id":"https:\/\/victorbaroni.fr\/collections\/fragments-de-mer\/#primaryimage"},"thumbnailUrl":"https:\/\/victorbaroni.fr\/wp-content\/uploads\/2024\/10\/fragment-de-mer-2024-vue-face-site-baroni-victor.jpg","datePublished":"2024-10-16T12:13:31+00:00","dateModified":"2025-10-24T11:53:20+00:00","breadcrumb":{"@id":"https:\/\/victorbaroni.fr\/collections\/fragments-de-mer\/#breadcrumb"},"inLanguage":"en-US","potentialAction":[{"@type":"ReadAction","target":["https:\/\/victorbaroni.fr\/collections\/fragments-de-mer\/"]}]},{"@type":"ImageObject","inLanguage":"en-US","@id":"https:\/\/victorbaroni.fr\/collections\/fragments-de-mer\/#primaryimage","url":"https:\/\/victorbaroni.fr\/wp-content\/uploads\/2024\/10\/fragment-de-mer-2024-vue-face-site-baroni-victor.jpg","contentUrl":"https:\/\/victorbaroni.fr\/wp-content\/uploads\/2024\/10\/fragment-de-mer-2024-vue-face-site-baroni-victor.jpg","width":1250,"height":1250},{"@type":"BreadcrumbList","@id":"https:\/\/victorbaroni.fr\/collections\/fragments-de-mer\/#breadcrumb","itemListElement":[{"@type":"ListItem","position":1,"name":"Accueil","item":"https:\/\/victorbaroni.fr\/"},{"@type":"ListItem","position":2,"name":"Collections","item":"https:\/\/victorbaroni.fr\/collections\/"},{"@type":"ListItem","position":3,"name":"Fragments de mer"}]},{"@type":"WebSite","@id":"https:\/\/victorbaroni.fr\/#website","url":"https:\/\/victorbaroni.fr\/","name":"Victor Baroni","description":"Artiste peintre Fran\u00e7ais","publisher":{"@id":"https:\/\/victorbaroni.fr\/#organization"},"potentialAction":[{"@type":"SearchAction","target":{"@type":"EntryPoint","urlTemplate":"https:\/\/victorbaroni.fr\/?s={search_term_string}"},"query-input":{"@type":"PropertyValueSpecification","valueRequired":true,"valueName":"search_term_string"}}],"inLanguage":"en-US"},{"@type":"Organization","@id":"https:\/\/victorbaroni.fr\/#organization","name":"Victor Baroni","url":"https:\/\/victorbaroni.fr\/","logo":{"@type":"ImageObject","inLanguage":"en-US","@id":"https:\/\/victorbaroni.fr\/#\/schema\/logo\/image\/","url":"https:\/\/victorbaroni.fr\/wp-content\/uploads\/2020\/10\/victor-baroni-logo-retina.png","contentUrl":"https:\/\/victorbaroni.fr\/wp-content\/uploads\/2020\/10\/victor-baroni-logo-retina.png","width":496,"height":198,"caption":"Victor Baroni"},"image":{"@id":"https:\/\/victorbaroni.fr\/#\/schema\/logo\/image\/"},"sameAs":["https:\/\/www.facebook.com\/baronivictor","https:\/\/www.instagram.com\/baronivictor\/","https:\/\/www.youtube.com\/vic17b"]}]}},"_links":{"self":[{"href":"https:\/\/victorbaroni.fr\/en\/wp-json\/wp\/v2\/product\/768610","targetHints":{"allow":["GET"]}}],"collection":[{"href":"https:\/\/victorbaroni.fr\/en\/wp-json\/wp\/v2\/product"}],"about":[{"href":"https:\/\/victorbaroni.fr\/en\/wp-json\/wp\/v2\/types\/product"}],"replies":[{"embeddable":true,"href":"https:\/\/victorbaroni.fr\/en\/wp-json\/wp\/v2\/comments?post=768610"}],"wp:featuredmedia":[{"embeddable":true,"href":"https:\/\/victorbaroni.fr\/en\/wp-json\/wp\/v2\/media\/768614"}],"wp:attachment":[{"href":"https:\/\/victorbaroni.fr\/en\/wp-json\/wp\/v2\/media?parent=768610"}],"wp:term":[{"taxonomy":"product_brand","embeddable":true,"href":"https:\/\/victorbaroni.fr\/en\/wp-json\/wp\/v2\/product_brand?post=768610"},{"taxonomy":"product_cat","embeddable":true,"href":"https:\/\/victorbaroni.fr\/en\/wp-json\/wp\/v2\/product_cat?post=768610"},{"taxonomy":"product_tag","embeddable":true,"href":"https:\/\/victorbaroni.fr\/en\/wp-json\/wp\/v2\/product_tag?post=768610"}],"curies":[{"name":"wp","href":"https:\/\/api.w.org\/{rel}","templated":true}]}}